{"id":11179,"date":"2022-01-20T22:21:50","date_gmt":"2022-01-20T21:21:50","guid":{"rendered":"https:\/\/dreaminbrazil.com\/creation-dentreprise\/"},"modified":"2023-06-20T12:55:39","modified_gmt":"2023-06-20T10:55:39","slug":"criacao-de-empresa","status":"publish","type":"page","link":"https:\/\/dreaminbrazil.com\/pt-br\/criacao-de-empresa\/","title":{"rendered":"Cria\u00e7\u00e3o de empresa"},"content":{"rendered":"<p>[vc_row][vc_column offset=&#8221;vc_hidden-lg vc_hidden-md vc_hidden-sm&#8221;][vc_single_image image=&#8221;11109&#8243; img_size=&#8221;750&#215;500&#8243; alignment=&#8221;center&#8221; style=&#8221;vc_box_outline&#8221; border_color=&#8221;orange&#8221; css=&#8221;.vc_custom_1664640051191{margin-bottom: 0px !important;}&#8221;][\/vc_column][\/vc_row][vc_row full_width=&#8221;stretch_row_content_no_spaces&#8221; parallax=&#8221;content-moving&#8221; parallax_image=&#8221;6326&#8243; css=&#8221;.vc_custom_1664639800318{padding-top: 0px !important;}&#8221;][vc_column width=&#8221;2\/5&#8243; el_class=&#8221;third-parallax&#8221;][vc_row_inner css=&#8221;.vc_custom_1641375655654{margin-bottom: 60px !important;padding-top: 26px !important;padding-bottom: 60px !important;}&#8221;][vc_column_inner][vc_empty_space height=&#8221;250px&#8221;][\/vc_column_inner][\/vc_row_inner][\/vc_column][vc_column width=&#8221;3\/5&#8243; css=&#8221;.vc_custom_1664639790696{padding-top: 0px !important;background-color: #ffffff !important;}&#8221;][vc_row_inner css=&#8221;.vc_custom_1642715391068{margin-top: 0px !important;margin-bottom: 0px !important;padding-top: 26px !important;padding-bottom: 60px !important;background-color: #ffffff !important;}&#8221;][vc_column_inner el_class=&#8221;green-box&#8221; width=&#8221;1\/3&#8243; css=&#8221;.vc_custom_1664664823378{margin-top: 78px !important;margin-left: -60px !important;border-top-width: 3px !important;border-left-width: 5px !important;padding-top: 60px !important;padding-right: 30px !important;padding-bottom: 60px !important;padding-left: 30px !important;background: rgba(20,90,65,0.9) url(https:\/\/dreaminbrazil.com\/wp-content\/uploads\/2021\/12\/logo-contorno100.png?id=5927) !important;background-position: 0 0 !important;background-repeat: repeat !important;*background-color: rgb(20,90,65) !important;border-left-color: #c19b28 !important;border-left-style: solid !important;border-top-color: #c19b28 !important;border-top-style: solid !important;}&#8221; offset=&#8221;vc_col-xs-11&#8243;][vc_column_text css_animation=&#8221;fadeIn&#8221; css=&#8221;.vc_custom_1664489456164{padding-top: 26px !important;padding-right: 6px !important;padding-bottom: 26px !important;padding-left: 6px !important;}&#8221; el_class=&#8221;green-box-int&#8221;]<\/p>\n<h2><span style=\"color: #ffffff;\">Primeiros passos e pr\u00e9-requisitos<\/span><\/h2>\n<p>[\/vc_column_text][\/vc_column_inner][vc_column_inner el_class=&#8221;side-text-r&#8221; width=&#8221;1\/3&#8243; offset=&#8221;vc_col-xs-12&#8243;][vc_column_text]Para iniciar o processo de cria\u00e7\u00e3o da sua entidade jur\u00eddica, que ser\u00e1 o ve\u00edculo para o seu investimento imobili\u00e1rio no Brasil, uma s\u00e9rie de informa\u00e7\u00f5es e documentos ser\u00e3o necess\u00e1rios para cada s\u00f3cio da futura empresa.<\/p>\n<p>Todos os passos da cria\u00e7\u00e3o da empresa, incluindo a abertura de uma conta banc\u00e1ria e a domicilia\u00e7\u00e3o da empresa, podem ser feitos \u00e0 dist\u00e2ncia. O procedimento de investimento imobili\u00e1rio no Brasil geralmente leva de 1 a 3 meses para que a empresa esteja 100% funcional.<\/p>\n<p>No entanto, antes de come\u00e7ar, cada s\u00f3cio deve obter um CPF (Cadastro de Pessoas F\u00edsicas).[\/vc_column_text][\/vc_column_inner][vc_column_inner width=&#8221;1\/3&#8243; offset=&#8221;vc_hidden-md vc_hidden-sm vc_hidden-xs&#8221;][\/vc_column_inner][\/vc_row_inner][\/vc_column][\/vc_row][vc_row][vc_column offset=&#8221;vc_hidden-lg vc_hidden-md vc_hidden-sm&#8221;][vc_single_image image=&#8221;11128&#8243; img_size=&#8221;750&#215;500&#8243; alignment=&#8221;center&#8221; style=&#8221;vc_box_outline&#8221; border_color=&#8221;orange&#8221; css=&#8221;.vc_custom_1664640099394{margin-bottom: 30px !important;}&#8221;][\/vc_column][\/vc_row][vc_row full_width=&#8221;stretch_row_content_no_spaces&#8221; parallax=&#8221;content-moving&#8221; parallax_image=&#8221;6338&#8243;][vc_column width=&#8221;3\/5&#8243; css=&#8221;.vc_custom_1664662934484{padding-right: 0px !important;background-color: #f2f2f2 !important;}&#8221; offset=&#8221;vc_hidden-xs&#8221;][vc_row_inner css=&#8221;.vc_custom_1642718165173{margin-top: 0px !important;margin-bottom: 0px !important;padding-top: 26px !important;padding-bottom: 60px !important;background-color: #f2f2f2 !important;}&#8221;][vc_column_inner el_class=&#8221;yellow-box&#8221; width=&#8221;1\/3&#8243; offset=&#8221;vc_hidden-md vc_hidden-sm vc_col-xs-11 vc_hidden-xs&#8221; css=&#8221;.vc_custom_1664662450572{margin-top: 78px !important;margin-left: 60px !important;border-right-width: 5px !important;padding-top: 60px !important;padding-right: 30px !important;padding-bottom: 60px !important;padding-left: 30px !important;background-position: 0 0 !important;background-repeat: repeat !important;}&#8221;][\/vc_column_inner][vc_column_inner el_class=&#8221;side-text-r&#8221; width=&#8221;1\/3&#8243; css=&#8221;.vc_custom_1664661456083{margin-right: 20px !important;padding-right: 20px !important;}&#8221; offset=&#8221;vc_col-xs-12&#8243;][vc_column_text]O Cadastro de Pessoas F\u00edsicas (CPF) \u00e9 um documento de registro essencial para qualquer investimento imobili\u00e1rio no Brasil. \u00c9 emitido pela Receita Federal, a administra\u00e7\u00e3o fiscal brasileira.<\/p>\n<p>Embora em teoria o CPF n\u00e3o seja obrigat\u00f3rio, sem ele, \u00e9 imposs\u00edvel realizar opera\u00e7\u00f5es financeiras como abrir uma conta banc\u00e1ria, comprar im\u00f3veis ou usar aplica\u00e7\u00f5es como o UBER.<\/p>\n<p>Portanto, o CPF \u00e9 essencial para quem deseja investir em im\u00f3veis no Brasil.[\/vc_column_text][\/vc_column_inner][vc_column_inner el_class=&#8221;yellow-box&#8221; width=&#8221;1\/3&#8243; css=&#8221;.vc_custom_1664661484836{margin-top: 78px !important;margin-left: 60px !important;border-right-width: 5px !important;padding-top: 60px !important;padding-right: 30px !important;padding-bottom: 60px !important;padding-left: 30px !important;background: rgba(244,185,76,0.81) url(https:\/\/dreaminbrazil.com\/wp-content\/uploads\/2021\/12\/logo-contorno100.png?id=5927) !important;background-position: 0 0 !important;background-repeat: repeat !important;*background-color: rgb(244,185,76) !important;border-right-color: #145a41 !important;border-right-style: solid !important;}&#8221; offset=&#8221;vc_col-xs-11&#8243;][vc_column_text css_animation=&#8221;fadeIn&#8221; css=&#8221;.vc_custom_1664489644709{padding-top: 26px !important;padding-right: 6px !important;padding-bottom: 26px !important;padding-left: 6px !important;}&#8221; el_class=&#8221;yellow-box-int&#8221;]<\/p>\n<h2><span style=\"color: #ffffff;\">O que \u00e9 <span style=\"color: #145a41;\">CPF<\/span>\u00a0?<\/span><\/h2>\n<p>[\/vc_column_text][\/vc_column_inner][\/vc_row_inner][\/vc_column][vc_column width=&#8221;2\/5&#8243; el_class=&#8221;third-parallax&#8221; offset=&#8221;vc_hidden-xs&#8221;][vc_row_inner css=&#8221;.vc_custom_1641375655654{margin-bottom: 60px !important;padding-top: 26px !important;padding-bottom: 60px !important;}&#8221;][vc_column_inner][vc_empty_space height=&#8221;250px&#8221;][\/vc_column_inner][\/vc_row_inner][\/vc_column][\/vc_row][vc_row full_width=&#8221;stretch_row_content_no_spaces&#8221; parallax=&#8221;content-moving&#8221; parallax_image=&#8221;6338&#8243;][vc_column width=&#8221;3\/5&#8243; css=&#8221;.vc_custom_1664662783708{padding-right: 0px !important;background-color: #f2f2f2 !important;}&#8221; offset=&#8221;vc_hidden-lg vc_hidden-md vc_hidden-sm&#8221;][vc_row_inner css=&#8221;.vc_custom_1642718165173{margin-top: 0px !important;margin-bottom: 0px !important;padding-top: 26px !important;padding-bottom: 60px !important;background-color: #f2f2f2 !important;}&#8221;][vc_column_inner el_class=&#8221;yellow-box&#8221; width=&#8221;1\/3&#8243; css=&#8221;.vc_custom_1664663056123{margin-top: 17px !important;margin-left: 60px !important;border-right-width: 5px !important;padding-top: 60px !important;padding-right: 30px !important;padding-bottom: 60px !important;padding-left: 30px !important;background: rgba(244,185,76,0.81) url(https:\/\/dreaminbrazil.com\/wp-content\/uploads\/2021\/12\/logo-contorno100.png?id=5927) !important;background-position: 0 0 !important;background-repeat: repeat !important;*background-color: rgb(244,185,76) !important;border-right-color: #145a41 !important;border-right-style: solid !important;}&#8221; offset=&#8221;vc_col-xs-11&#8243;][vc_column_text css_animation=&#8221;fadeIn&#8221; css=&#8221;.vc_custom_1664489644709{padding-top: 26px !important;padding-right: 6px !important;padding-bottom: 26px !important;padding-left: 6px !important;}&#8221; el_class=&#8221;yellow-box-int&#8221;]<\/p>\n<h2><span style=\"color: #ffffff;\">O que \u00e9 <span style=\"color: #145a41;\">CPF<\/span>\u00a0?<\/span><\/h2>\n<p>[\/vc_column_text][\/vc_column_inner][vc_column_inner el_class=&#8221;side-text-r&#8221; width=&#8221;1\/3&#8243; css=&#8221;.vc_custom_1664661456083{margin-right: 20px !important;padding-right: 20px !important;}&#8221; offset=&#8221;vc_col-xs-12&#8243;][vc_column_text]O Cadastro de Pessoas F\u00edsicas (CPF) \u00e9 um documento para registrar um cidad\u00e3o na Receita Federal do Brasil.<\/p>\n<p>Em tese, o CPF n\u00e3o \u00e9 obrigat\u00f3rio, mas quem n\u00e3o o possui, n\u00e3o poder\u00e1 realizar transa\u00e7\u00f5es financeiras como abertura de conta banc\u00e1ria, linha telef\u00f4nica ou aquisi\u00e7\u00e3o de im\u00f3vel.<\/p>\n<p>Acontece que o CPF se torna essencial para quem deseja viajar ao Brasil, mesmo para turismo. Porque sem este \u00faltimo, voc\u00ea n\u00e3o pode usar aplicativos como o UBER, nem mesmo comprar passagens a\u00e9reas online nos sites das companhias a\u00e9reas mais importantes do Brasil.[\/vc_column_text][\/vc_column_inner][vc_column_inner el_class=&#8221;yellow-box&#8221; width=&#8221;1\/3&#8243; offset=&#8221;vc_hidden-md vc_hidden-sm vc_col-xs-11 vc_hidden-xs&#8221; css=&#8221;.vc_custom_1664662450572{margin-top: 78px !important;margin-left: 60px !important;border-right-width: 5px !important;padding-top: 60px !important;padding-right: 30px !important;padding-bottom: 60px !important;padding-left: 30px !important;background-position: 0 0 !important;background-repeat: repeat !important;}&#8221;][\/vc_column_inner][\/vc_row_inner][\/vc_column][vc_column width=&#8221;2\/5&#8243; el_class=&#8221;third-parallax&#8221; offset=&#8221;vc_hidden-lg vc_hidden-md vc_hidden-sm&#8221;][vc_row_inner css=&#8221;.vc_custom_1641375655654{margin-bottom: 60px !important;padding-top: 26px !important;padding-bottom: 60px !important;}&#8221;][vc_column_inner][vc_empty_space height=&#8221;250px&#8221;][\/vc_column_inner][\/vc_row_inner][\/vc_column][\/vc_row][vc_row css=&#8221;.vc_custom_1664640241794{margin-bottom: 30px !important;}&#8221;][vc_column offset=&#8221;vc_hidden-lg vc_hidden-md vc_hidden-sm&#8221;][vc_single_image image=&#8221;11148&#8243; img_size=&#8221;750&#215;500&#8243; alignment=&#8221;center&#8221; style=&#8221;vc_box_outline&#8221; border_color=&#8221;orange&#8221; css=&#8221;.vc_custom_1664640132462{margin-bottom: 0px !important;}&#8221;][\/vc_column][\/vc_row][vc_row full_width=&#8221;stretch_row_content_no_spaces&#8221; parallax=&#8221;content-moving&#8221; parallax_image=&#8221;6348&#8243;][vc_column width=&#8221;2\/5&#8243; el_class=&#8221;third-parallax&#8221;][vc_row_inner css=&#8221;.vc_custom_1641375655654{margin-bottom: 60px !important;padding-top: 26px !important;padding-bottom: 60px !important;}&#8221;][vc_column_inner][vc_empty_space height=&#8221;250px&#8221;][\/vc_column_inner][\/vc_row_inner][\/vc_column][vc_column width=&#8221;3\/5&#8243; css=&#8221;.vc_custom_1642715563264{background-color: #ffffff !important;}&#8221;][vc_row_inner css=&#8221;.vc_custom_1642715391068{margin-top: 0px !important;margin-bottom: 0px !important;padding-top: 26px !important;padding-bottom: 60px !important;background-color: #ffffff !important;}&#8221;][vc_column_inner el_class=&#8221;green-box&#8221; width=&#8221;1\/3&#8243; css=&#8221;.vc_custom_1664661496538{margin-top: 78px !important;margin-left: -60px !important;border-top-width: 3px !important;border-left-width: 5px !important;padding-top: 60px !important;padding-right: 30px !important;padding-bottom: 60px !important;padding-left: 30px !important;background: rgba(20,90,65,0.9) url(https:\/\/dreaminbrazil.com\/wp-content\/uploads\/2021\/12\/logo-contorno100.png?id=5927) !important;background-position: 0 0 !important;background-repeat: repeat !important;*background-color: rgb(20,90,65) !important;border-left-color: #c19b28 !important;border-left-style: solid !important;border-top-color: #c19b28 !important;border-top-style: solid !important;}&#8221; offset=&#8221;vc_col-xs-11&#8243;][vc_column_text css_animation=&#8221;fadeIn&#8221; css=&#8221;.vc_custom_1664489509310{padding-top: 26px !important;padding-right: 6px !important;padding-bottom: 26px !important;padding-left: 6px !important;}&#8221; el_class=&#8221;green-box-int&#8221;]<\/p>\n<h2><span style=\"color: #ffffff;\">Que tipo de <span style=\"color: #f7bf31;\">empresa<\/span> devemos <span style=\"color: #f7bf31;\">abrir?<\/span><\/span><\/h2>\n<p>[\/vc_column_text][\/vc_column_inner][vc_column_inner el_class=&#8221;side-text-r&#8221; width=&#8221;1\/3&#8243; offset=&#8221;vc_col-xs-12&#8243;][vc_column_text]No Brasil, existem diferentes tipos de empresas adequadas para investimento imobili\u00e1rio. As principais s\u00e3o a EIRELI, que \u00e9 equivalente \u00e0 Empresa Individual de Responsabilidade Limitada com um s\u00f3 s\u00f3cio, a LTDA (Sociedade Limitada) que pode ter at\u00e9 7 s\u00f3cios, e a SA (Sociedade An\u00f4nima).<\/p>\n<h3><span style=\"color: #f2c329;\">ADMINISTRA\u00c7\u00c3O DA SOCIEDADE (GEST\u00c3O)<\/span><\/h3>\n<p>De acordo com o Artigo 1.138 do C\u00f3digo Civil Brasileiro, a gest\u00e3o da empresa deve ser realizada por um gerente residente permanente no Brasil, capaz de responder legalmente \u00e0s autoridades locais. Isso garante a seguran\u00e7a e a conformidade do seu investimento imobili\u00e1rio no Brasil.[\/vc_column_text][\/vc_column_inner][vc_column_inner width=&#8221;1\/3&#8243; offset=&#8221;vc_hidden-md vc_hidden-sm vc_hidden-xs&#8221;][\/vc_column_inner][\/vc_row_inner][\/vc_column][\/vc_row][vc_row full_width=&#8221;stretch_row&#8221; content_placement=&#8221;middle&#8221; bg_type=&#8221;image&#8221; parallax_style=&#8221;vcpb-vz-jquery&#8221; bg_image_new=&#8221;id^6156|url^https:\/\/dreaminbrazil.com\/wp-content\/uploads\/2022\/01\/pexels-guilman-7071987.jpg|caption^null|alt^null|title^pexels-guilman-7071987|description^null&#8221; bg_image_repeat=&#8221;no-repeat&#8221; parallax_content=&#8221;parallax_content_value&#8221; enable_overlay=&#8221;enable_overlay_value&#8221; overlay_color=&#8221;rgba(20,90,65,0.61)&#8221; overlay_pattern=&#8221;04.png&#8221; overlay_pattern_opacity=&#8221;100&#8243; seperator_enable=&#8221;seperator_enable_value&#8221; seperator_type=&#8221;tilt_right_seperator&#8221; seperator_svg_height=&#8221;58&#8243; seperator_shape_background=&#8221;#ffffff&#8221; css=&#8221;.vc_custom_1642719364225{padding-top: 60px !important;padding-bottom: 60px !important;}&#8221;][vc_column][vc_empty_space height=&#8221;72px&#8221;]<div id=\"uvc-type-wrap-7144\"  data-ultimate-target='#uvc-type-wrap-7144'  data-responsive-json-new='{\"font-size\":\"desktop:28px;\",\"line-height\":\"\"}'  class=\"uvc-type-wrap  ult-adjust-bottom-margin ult-responsive  uvc-type-align-center uvc-type-no-prefix uvc-wrap-233406752169ea21fa627ef\" style=\"text-align:center;\"><span id=\"typed-233406752169ea21fa627ef\" class=\"ultimate-typed-main \" style=\"color:#ffffff; font-weight:normal; text-transform: unset;\"><\/span><script type=\"text\/javascript\"> \n\t\t\t\t\t\tjQuery(function($){ \n\t\t\t\t\t\t\t$(document).ready(function(){\n\t\t\t\t\t\t\t\tif( typeof jQuery(\"#typed-233406752169ea21fa627ef\").typed == \"function\"){\n\t\t\t\t\t\t\t\t\t$(\"#typed-233406752169ea21fa627ef\").typed({\n\t\t\t\t\t\t\t\t\t\tstrings: [\"Todas essas etapas ser\u00e3o atendidas pela equipe DREAMIN'BRAZIL (advogados, juristas e contadores). Para oferecer a voc\u00ea a melhor op\u00e7\u00e3o de acordo com seu perfil e seu projeto.\"],\n\t\t\t\t\t\t\t\t\t\ttypeSpeed: 15,\n\t\t\t\t\t\t\t\t\t\tbackSpeed: 0,\n\t\t\t\t\t\t\t\t\t\tstartDelay: 200,\n\t\t\t\t\t\t\t\t\t\tbackDelay: 1500,\n\t\t\t\t\t\t\t\t\t\tloop: false,\n\t\t\t\t\t\t\t\t\t\tloopCount: false,\n\t\t\t\t\t\t\t\t\t\tshowCursor: true,\n\t\t\t\t\t\t\t\t\t\tcursorChar: \"|\",\n\t\t\t\t\t\t\t\t\t\tattr: null\n\t\t\t\t\t\t\t\t\t});\n\t\t\t\t\t\t\t\t}\n\t\t\t\t\t\t\t});\n\t\t\t\t\t\t});\n\t\t\t\t\t<\/script><\/div>[\/vc_column][\/vc_row]<\/p>\n","protected":false},"excerpt":{"rendered":"<p>[vc_row][vc_column offset=&#8221;vc_hidden-lg vc_hidden-md vc_hidden-sm&#8221;][vc_single_image image=&#8221;11109&#8243; img_size=&#8221;750&#215;500&#8243; alignment=&#8221;center&#8221; style=&#8221;vc_box_outline&#8221; border_color=&#8221;orange&#8221; css=&#8221;.vc_custom_1664640051191{margin-bottom: 0px !important;}&#8221;][\/vc_column][\/vc_row][vc_row full_width=&#8221;stretch_row_content_no_spaces&#8221; parallax=&#8221;content-moving&#8221; parallax_image=&#8221;6326&#8243; css=&#8221;.vc_custom_1664639800318{padding-top: 0px !important;}&#8221;][vc_column width=&#8221;2\/5&#8243; el_class=&#8221;third-parallax&#8221;][vc_row_inner css=&#8221;.vc_custom_1641375655654{margin-bottom: 60px !important;padding-top: 26px !important;padding-bottom: 60px !important;}&#8221;][vc_column_inner][vc_empty_space height=&#8221;250px&#8221;][\/vc_column_inner][\/vc_row_inner][\/vc_column][vc_column width=&#8221;3\/5&#8243; css=&#8221;.vc_custom_1664639790696{padding-top: 0px !important;background-color: #ffffff !important;}&#8221;][vc_row_inner css=&#8221;.vc_custom_1642715391068{margin-top: 0px !important;margin-bottom: 0px !important;padding-top: 26px !important;padding-bottom: 60px !important;background-color: #ffffff !important;}&#8221;][vc_column_inner el_class=&#8221;green-box&#8221; width=&#8221;1\/3&#8243; css=&#8221;.vc_custom_1664664823378{margin-top: 78px !important;margin-left: -60px !important;border-top-width: 3px !important;border-left-width: 5px [&hellip;]<\/p>\n","protected":false},"author":1,"featured_media":0,"parent":0,"menu_order":0,"comment_status":"closed","ping_status":"closed","template":"","meta":{"_monsterinsights_skip_tracking":false,"_monsterinsights_sitenote_active":false,"_monsterinsights_sitenote_note":"","_monsterinsights_sitenote_category":0,"footnotes":""},"class_list":["post-11179","page","type-page","status-publish","hentry"],"yoast_head":"<!-- This site is optimized with the Yoast SEO plugin v27.2 - https:\/\/yoast.com\/product\/yoast-seo-wordpress\/ -->\n<title>Cria\u00e7\u00e3o de empresa - Dream in Brazil<\/title>\n<meta name=\"description\" content=\"Cria\u00e7\u00e3o do Dreamin&#039;Brazil o balc\u00e3o \u00fanico dos investimentos imobili\u00e1rios no Brasil, que visa facilitar o acesso de investidores estrangeiros.\" \/>\n<meta name=\"robots\" content=\"index, follow, max-snippet:-1, max-image-preview:large, max-video-preview:-1\" \/>\n<link rel=\"canonical\" href=\"https:\/\/dreaminbrazil.com\/pt-br\/criacao-de-empresa\/\" \/>\n<meta property=\"og:locale\" content=\"pt_BR\" \/>\n<meta property=\"og:type\" content=\"article\" \/>\n<meta property=\"og:title\" content=\"Cria\u00e7\u00e3o de empresa - Dream in Brazil\" \/>\n<meta property=\"og:description\" content=\"Cria\u00e7\u00e3o do Dreamin&#039;Brazil o balc\u00e3o \u00fanico dos investimentos imobili\u00e1rios no Brasil, que visa facilitar o acesso de investidores estrangeiros.\" \/>\n<meta property=\"og:url\" content=\"https:\/\/dreaminbrazil.com\/pt-br\/criacao-de-empresa\/\" \/>\n<meta property=\"og:site_name\" content=\"Dream in Brazil\" \/>\n<meta property=\"article:publisher\" content=\"https:\/\/www.facebook.com\/dreamin.br\" \/>\n<meta property=\"article:modified_time\" content=\"2023-06-20T10:55:39+00:00\" \/>\n<meta name=\"twitter:card\" content=\"summary_large_image\" \/>\n<meta name=\"twitter:label1\" content=\"Est. tempo de leitura\" \/>\n\t<meta name=\"twitter:data1\" content=\"8 minutos\" \/>\n<script type=\"application\/ld+json\" class=\"yoast-schema-graph\">{\"@context\":\"https:\/\/schema.org\",\"@graph\":[{\"@type\":\"WebPage\",\"@id\":\"https:\/\/dreaminbrazil.com\/pt-br\/criacao-de-empresa\/\",\"url\":\"https:\/\/dreaminbrazil.com\/pt-br\/criacao-de-empresa\/\",\"name\":\"Cria\u00e7\u00e3o de empresa - Dream in Brazil\",\"isPartOf\":{\"@id\":\"https:\/\/dreaminbrazil.com\/#website\"},\"datePublished\":\"2022-01-20T21:21:50+00:00\",\"dateModified\":\"2023-06-20T10:55:39+00:00\",\"description\":\"Cria\u00e7\u00e3o do Dreamin'Brazil o balc\u00e3o \u00fanico dos investimentos imobili\u00e1rios no Brasil, que visa facilitar o acesso de investidores estrangeiros.\",\"breadcrumb\":{\"@id\":\"https:\/\/dreaminbrazil.com\/pt-br\/criacao-de-empresa\/#breadcrumb\"},\"inLanguage\":\"pt-BR\",\"potentialAction\":[{\"@type\":\"ReadAction\",\"target\":[\"https:\/\/dreaminbrazil.com\/pt-br\/criacao-de-empresa\/\"]}]},{\"@type\":\"BreadcrumbList\",\"@id\":\"https:\/\/dreaminbrazil.com\/pt-br\/criacao-de-empresa\/#breadcrumb\",\"itemListElement\":[{\"@type\":\"ListItem\",\"position\":1,\"name\":\"Accueil\",\"item\":\"https:\/\/dreaminbrazil.com\/pt-br\/\"},{\"@type\":\"ListItem\",\"position\":2,\"name\":\"Cria\u00e7\u00e3o de empresa\"}]},{\"@type\":\"WebSite\",\"@id\":\"https:\/\/dreaminbrazil.com\/#website\",\"url\":\"https:\/\/dreaminbrazil.com\/\",\"name\":\"Dream in Brazil\",\"description\":\"Let your dreams comes true\",\"publisher\":{\"@id\":\"https:\/\/dreaminbrazil.com\/#organization\"},\"potentialAction\":[{\"@type\":\"SearchAction\",\"target\":{\"@type\":\"EntryPoint\",\"urlTemplate\":\"https:\/\/dreaminbrazil.com\/?s={search_term_string}\"},\"query-input\":{\"@type\":\"PropertyValueSpecification\",\"valueRequired\":true,\"valueName\":\"search_term_string\"}}],\"inLanguage\":\"pt-BR\"},{\"@type\":\"Organization\",\"@id\":\"https:\/\/dreaminbrazil.com\/#organization\",\"name\":\"Dream In Brazil\",\"url\":\"https:\/\/dreaminbrazil.com\/\",\"logo\":{\"@type\":\"ImageObject\",\"inLanguage\":\"pt-BR\",\"@id\":\"https:\/\/dreaminbrazil.com\/#\/schema\/logo\/image\/\",\"url\":\"https:\/\/dreaminbrazil.com\/wp-content\/uploads\/2022\/01\/logo-color-3.png\",\"contentUrl\":\"https:\/\/dreaminbrazil.com\/wp-content\/uploads\/2022\/01\/logo-color-3.png\",\"width\":355,\"height\":214,\"caption\":\"Dream In Brazil\"},\"image\":{\"@id\":\"https:\/\/dreaminbrazil.com\/#\/schema\/logo\/image\/\"},\"sameAs\":[\"https:\/\/www.facebook.com\/dreamin.br\",\"https:\/\/www.instagram.com\/dreamin_brazil\/\",\"https:\/\/www.linkedin.com\/company\/dreaminbrazil\",\"https:\/\/www.youtube.com\/channel\/UCOm4BbG4xclWUAnz_IEZ3tA\"]}]}<\/script>\n<!-- \/ Yoast SEO plugin. -->","yoast_head_json":{"title":"Cria\u00e7\u00e3o de empresa - Dream in Brazil","description":"Cria\u00e7\u00e3o do Dreamin'Brazil o balc\u00e3o \u00fanico dos investimentos imobili\u00e1rios no Brasil, que visa facilitar o acesso de investidores estrangeiros.","robots":{"index":"index","follow":"follow","max-snippet":"max-snippet:-1","max-image-preview":"max-image-preview:large","max-video-preview":"max-video-preview:-1"},"canonical":"https:\/\/dreaminbrazil.com\/pt-br\/criacao-de-empresa\/","og_locale":"pt_BR","og_type":"article","og_title":"Cria\u00e7\u00e3o de empresa - Dream in Brazil","og_description":"Cria\u00e7\u00e3o do Dreamin'Brazil o balc\u00e3o \u00fanico dos investimentos imobili\u00e1rios no Brasil, que visa facilitar o acesso de investidores estrangeiros.","og_url":"https:\/\/dreaminbrazil.com\/pt-br\/criacao-de-empresa\/","og_site_name":"Dream in Brazil","article_publisher":"https:\/\/www.facebook.com\/dreamin.br","article_modified_time":"2023-06-20T10:55:39+00:00","twitter_card":"summary_large_image","twitter_misc":{"Est. tempo de leitura":"8 minutos"},"schema":{"@context":"https:\/\/schema.org","@graph":[{"@type":"WebPage","@id":"https:\/\/dreaminbrazil.com\/pt-br\/criacao-de-empresa\/","url":"https:\/\/dreaminbrazil.com\/pt-br\/criacao-de-empresa\/","name":"Cria\u00e7\u00e3o de empresa - Dream in Brazil","isPartOf":{"@id":"https:\/\/dreaminbrazil.com\/#website"},"datePublished":"2022-01-20T21:21:50+00:00","dateModified":"2023-06-20T10:55:39+00:00","description":"Cria\u00e7\u00e3o do Dreamin'Brazil o balc\u00e3o \u00fanico dos investimentos imobili\u00e1rios no Brasil, que visa facilitar o acesso de investidores estrangeiros.","breadcrumb":{"@id":"https:\/\/dreaminbrazil.com\/pt-br\/criacao-de-empresa\/#breadcrumb"},"inLanguage":"pt-BR","potentialAction":[{"@type":"ReadAction","target":["https:\/\/dreaminbrazil.com\/pt-br\/criacao-de-empresa\/"]}]},{"@type":"BreadcrumbList","@id":"https:\/\/dreaminbrazil.com\/pt-br\/criacao-de-empresa\/#breadcrumb","itemListElement":[{"@type":"ListItem","position":1,"name":"Accueil","item":"https:\/\/dreaminbrazil.com\/pt-br\/"},{"@type":"ListItem","position":2,"name":"Cria\u00e7\u00e3o de empresa"}]},{"@type":"WebSite","@id":"https:\/\/dreaminbrazil.com\/#website","url":"https:\/\/dreaminbrazil.com\/","name":"Dream in Brazil","description":"Let your dreams comes true","publisher":{"@id":"https:\/\/dreaminbrazil.com\/#organization"},"potentialAction":[{"@type":"SearchAction","target":{"@type":"EntryPoint","urlTemplate":"https:\/\/dreaminbrazil.com\/?s={search_term_string}"},"query-input":{"@type":"PropertyValueSpecification","valueRequired":true,"valueName":"search_term_string"}}],"inLanguage":"pt-BR"},{"@type":"Organization","@id":"https:\/\/dreaminbrazil.com\/#organization","name":"Dream In Brazil","url":"https:\/\/dreaminbrazil.com\/","logo":{"@type":"ImageObject","inLanguage":"pt-BR","@id":"https:\/\/dreaminbrazil.com\/#\/schema\/logo\/image\/","url":"https:\/\/dreaminbrazil.com\/wp-content\/uploads\/2022\/01\/logo-color-3.png","contentUrl":"https:\/\/dreaminbrazil.com\/wp-content\/uploads\/2022\/01\/logo-color-3.png","width":355,"height":214,"caption":"Dream In Brazil"},"image":{"@id":"https:\/\/dreaminbrazil.com\/#\/schema\/logo\/image\/"},"sameAs":["https:\/\/www.facebook.com\/dreamin.br","https:\/\/www.instagram.com\/dreamin_brazil\/","https:\/\/www.linkedin.com\/company\/dreaminbrazil","https:\/\/www.youtube.com\/channel\/UCOm4BbG4xclWUAnz_IEZ3tA"]}]}},"_links":{"self":[{"href":"https:\/\/dreaminbrazil.com\/pt-br\/wp-json\/wp\/v2\/pages\/11179","targetHints":{"allow":["GET"]}}],"collection":[{"href":"https:\/\/dreaminbrazil.com\/pt-br\/wp-json\/wp\/v2\/pages"}],"about":[{"href":"https:\/\/dreaminbrazil.com\/pt-br\/wp-json\/wp\/v2\/types\/page"}],"author":[{"embeddable":true,"href":"https:\/\/dreaminbrazil.com\/pt-br\/wp-json\/wp\/v2\/users\/1"}],"replies":[{"embeddable":true,"href":"https:\/\/dreaminbrazil.com\/pt-br\/wp-json\/wp\/v2\/comments?post=11179"}],"version-history":[{"count":18,"href":"https:\/\/dreaminbrazil.com\/pt-br\/wp-json\/wp\/v2\/pages\/11179\/revisions"}],"predecessor-version":[{"id":12686,"href":"https:\/\/dreaminbrazil.com\/pt-br\/wp-json\/wp\/v2\/pages\/11179\/revisions\/12686"}],"wp:attachment":[{"href":"https:\/\/dreaminbrazil.com\/pt-br\/wp-json\/wp\/v2\/media?parent=11179"}],"curies":[{"name":"wp","href":"https:\/\/api.w.org\/{rel}","templated":true}]}}