{"id":11190,"date":"2022-01-25T12:41:28","date_gmt":"2022-01-25T11:41:28","guid":{"rendered":"https:\/\/dreaminbrazil.com\/services-juridiques\/"},"modified":"2023-06-21T18:10:44","modified_gmt":"2023-06-21T16:10:44","slug":"servicos-legais","status":"publish","type":"page","link":"https:\/\/dreaminbrazil.com\/pt-br\/servicos-legais\/","title":{"rendered":"Servi\u00e7os Jur\u00eddicos"},"content":{"rendered":"<p>[vc_row full_width=&#8221;stretch_row&#8221; bg_type=&#8221;image&#8221; parallax_style=&#8221;vcpb-default&#8221; bg_image_new=&#8221;id^6306|url^https:\/\/dreaminbrazil.com\/wp-content\/uploads\/2022\/01\/Sans-titre.jpg|caption^null|alt^null|title^Sans titre|description^null&#8221; bg_image_repeat=&#8221;no-repeat&#8221;][vc_column css=&#8221;.vc_custom_1512407858131{padding-top: 12px !important;padding-bottom: 24px !important;}&#8221;][vc_row_inner][vc_column_inner width=&#8221;1\/4&#8243;][\/vc_column_inner][vc_column_inner width=&#8221;1\/2&#8243; css=&#8221;.vc_custom_1643111808176{background-color: rgba(255,255,255,0.65) !important;*background-color: rgb(255,255,255) !important;}&#8221;]\r\n    <div class=\"\"\r\n         style=\"text-align:center;\">\r\n        <i class=\"flaticon-layers mh-color-default\"\r\n           style=\"font-size:55px;\"><\/i>\r\n    <\/div>\r\n\r\n<div class=\" \">\r\n\t\r\n        <div class=\"mh-heading-wrapper\">\r\n            <h3            class=\"mh-heading  mh-heading--bottom-separator    vc_custom_1644530627986\"\r\n            style=\"font-weight:700;\">\r\n\t\t\tNossas Miss\u00f5es        <\/h3>\r\n\r\n\t\t    <\/div>\r\n\r\n\t<\/div>[vc_column_text]<\/p>\n<p style=\"text-align: center; font-size: 18px;\">Para oferecer aos seus Dreamers um servi\u00e7o completo para seu investimento imobili\u00e1rio no Brasil, a Dreaminbrazil disponibiliza todas as suas habilidades jur\u00eddicas. Intervimos nas principais \u00e1reas do direito, representando os interesses dos nossos clientes individuais e corporativos em negocia\u00e7\u00f5es judiciais, administrativas e outras.<\/p>\n<p style=\"text-align: center; font-size: 18px;\">Assim, nossos advogados especializados em im\u00f3veis no Brasil poder\u00e3o orient\u00e1-lo em qualquer solicita\u00e7\u00e3o para seus projetos imobili\u00e1rios, independentemente de seu progresso.<\/p>\n<p>[\/vc_column_text][\/vc_column_inner][vc_column_inner width=&#8221;1\/4&#8243;][\/vc_column_inner][\/vc_row_inner][\/vc_column][\/vc_row][vc_section full_width=&#8221;stretch_row&#8221; parallax=&#8221;content-moving&#8221; parallax_image=&#8221;6312&#8243; css=&#8221;.vc_custom_1643112992240{padding-top: 35px !important;padding-bottom: 35px !important;background-color: #f2f2f2 !important;}&#8221;][vc_row full_width=&#8221;stretch_row&#8221;][vc_column css=&#8221;.vc_custom_1494333765775{padding-top: 39px !important;padding-bottom: 24px !important;}&#8221;][vc_empty_space height=&#8221;16px&#8221;]<div id=\"ultv-2232\" class=\"ult-dual-color ult-adjust-bottom-margin ult-dual-color-responsive-none ultv-2232  \"><div class=\"ult-module-content ult-dual-color-heading\" style=\"text-align:center;\">\n\t\t\t\t\t\t<h2><span class=\"ult-before-heading\">\n\t\t\t\t\t\t\t\t\t<span class=\"ult-dual-heading-text ult-first-text ult-responsive\"  data-ultimate-target='.ult-dual-color.ultv-2232 .ult-dual-heading-text'  data-responsive-json-new='{\"font-size\":\"desktop:28px;\",\"line-height\":\"\"}'  style=\"color:#145a41;     border:none; font-style:italic;font-weight:normal;\">Nossas \u00e1reas<\/span>\n\t\t\t\t\t\t\t\t<\/span><span class=\"ult-adv-heading\" style=\"\">\n\t\t\t\t\t\t\t\t\t<span class=\"ult-dual-adv-heading-text ult-highlight-text ult-responsive\"  data-ultimate-target='.ult-dual-color.ultv-2232 .ult-highlight-text'  data-responsive-json-new='{\"font-size\":\"desktop:38px;\",\"line-height\":\"\"}'  style=\"color:#3f3f3f;     border:none; font-weight:bold;\">de atua\u00e7\u00e3o<\/span>\n\t\t\t\t\t\t\t\t<\/span><\/h2> <\/div><\/div>[vc_empty_space][\/vc_column][\/vc_row][vc_row full_width=&#8221;stretch_row&#8221; css=&#8221;.vc_custom_1643112488891{padding-top: 26px !important;padding-bottom: 60px !important;}&#8221;][vc_column width=&#8221;1\/2&#8243;][vc_tta_accordion style=&#8221;flat&#8221; shape=&#8221;square&#8221; color=&#8221;orange&#8221; spacing=&#8221;3&#8243; gap=&#8221;3&#8243; active_section=&#8221;a&#8221; collapsible_all=&#8221;true&#8221;][vc_tta_section title=&#8221;Civil e consumidor&#8221; tab_id=&#8221;1643112427934-84d479a4-d756&#8243;][vc_column_text]Gerimos as rela\u00e7\u00f5es com os consumidores, revisamos e elaboramos contratos, tratamos de danos materiais e morais, abusos contratuais (companhias a\u00e9reas, empresas de telefonia, hot\u00e9is, bancos, etc.), contratos abusivos e outros.[\/vc_column_text][\/vc_tta_section][vc_tta_section title=&#8221;Imobili\u00e1ria&#8221; tab_id=&#8221;1643112427984-2c2c9db3-f4b0&#8243;][vc_column_text]Cuidamos da regulariza\u00e7\u00e3o de im\u00f3veis e escrituras, atrasos na entrega de im\u00f3veis; elaboramos contratos de compra e venda de im\u00f3veis.<\/p>\n<p>Gerimos a rescis\u00e3o de contratos, arrendamentos e despejos, condom\u00ednios, revis\u00e3o de alugu\u00e9is, posse adversativa, indeniza\u00e7\u00f5es e outros.[\/vc_column_text][\/vc_tta_section][vc_tta_section title=&#8221;Trabalho&#8221; tab_id=&#8221;1643112428036-f99c50bf-ec33&#8243;][vc_column_text]Auxiliamos em reclama\u00e7\u00f5es trabalhistas, c\u00e1lculos de indeniza\u00e7\u00f5es por rescis\u00e3o, demiss\u00f5es abusivas, reconhecimento do emprego, encargos sociais e patronais, incorpora\u00e7\u00e3o de gorjetas, insalubridade e periculosidade, acidentes de trabalho, ass\u00e9dio moral e sexual no trabalho, desvio de fun\u00e7\u00e3o, estabilidade e outros.[\/vc_column_text][\/vc_tta_section][vc_tta_section title=&#8221;Fam\u00edlia e Patrim\u00f4nio&#8221; tab_id=&#8221;1643112428080-37f550fb-3b0e&#8221;][vc_column_text]Ajudamos voc\u00ea com pens\u00e3o aliment\u00edcia, div\u00f3rcio consensual e litigioso, reconhecimento e dissolu\u00e7\u00e3o de uni\u00e3o est\u00e1vel (Packs), guarda, regulamenta\u00e7\u00e3o de visitas, busca e apreens\u00e3o de menores; reconhecimento de paternidade, proibi\u00e7\u00e3o, emancipa\u00e7\u00e3o, propriedade familiar e meeiros, ado\u00e7\u00e3o, patrim\u00f4nio, invent\u00e1rio, partilha e sobrepartilha, testamento, desestocagem, oposi\u00e7\u00e3o \u00e0 aproxima\u00e7\u00e3o de bens, casamento estrangeiro e outros.[\/vc_column_text][\/vc_tta_section][\/vc_tta_accordion][\/vc_column][vc_column width=&#8221;1\/2&#8243;][vc_tta_accordion style=&#8221;flat&#8221; shape=&#8221;square&#8221; color=&#8221;orange&#8221; spacing=&#8221;3&#8243; gap=&#8221;3&#8243; active_section=&#8221;a&#8221; collapsible_all=&#8221;true&#8221;][vc_tta_section title=&#8221;Investimentos estrangeiros&#8221; tab_id=&#8221;1641392839654-3fc72ca4-55f0&#8243;][vc_column_text]Auxiliamos voc\u00ea na compra de im\u00f3veis em territ\u00f3rio brasileiro; Due Diligence Imobili\u00e1ria; envios internacionais; Visto de Investidor.[\/vc_column_text][\/vc_tta_section][vc_tta_section title=&#8221;Banco&#8221; tab_id=&#8221;1641392839696-e307ba4d-33b0&#8243;][vc_column_text]Realizamos uma revis\u00e3o de contratos banc\u00e1rios, tratamos de danos morais e materiais, encargos n\u00e3o autorizados, juros abusivos, renegocia\u00e7\u00e3o de d\u00edvida, recusa indevida do banco, empr\u00e9stimos sobre sal\u00e1rios e outros.[\/vc_column_text][\/vc_tta_section][vc_tta_section title=&#8221;Neg\u00f3cios&#8221; tab_id=&#8221;1641393066585-54c739b0-11d8&#8243;][vc_column_text]Oferecemos aconselhamento comercial preventivo, consulta mensal, negocia\u00e7\u00e3o com credores, coleta e recupera\u00e7\u00e3o de ativos, contratos, etc&#8230;[\/vc_column_text][\/vc_tta_section][vc_tta_section title=&#8221;Com\u00e9rcio internacional&#8221; tab_id=&#8221;1641393118413-eb7e5a08-bc55&#8243;][vc_column_text]Auxiliamos no com\u00e9rcio internacional, importa\u00e7\u00e3o e exporta\u00e7\u00e3o, contratos, alf\u00e2ndega, frete, licen\u00e7as, conven\u00e7\u00f5es, tributa\u00e7\u00e3o, tributa\u00e7\u00e3o, etc&#8230;[\/vc_column_text][\/vc_tta_section][\/vc_tta_accordion][\/vc_column][\/vc_row][\/vc_section]<\/p>\n","protected":false},"excerpt":{"rendered":"<p>[vc_row full_width=&#8221;stretch_row&#8221; bg_type=&#8221;image&#8221; parallax_style=&#8221;vcpb-default&#8221; bg_image_new=&#8221;id^6306|url^https:\/\/dreaminbrazil.com\/wp-content\/uploads\/2022\/01\/Sans-titre.jpg|caption^null|alt^null|title^Sans titre|description^null&#8221; bg_image_repeat=&#8221;no-repeat&#8221;][vc_column css=&#8221;.vc_custom_1512407858131{padding-top: 12px !important;padding-bottom: 24px !important;}&#8221;][vc_row_inner][vc_column_inner width=&#8221;1\/4&#8243;][\/vc_column_inner][vc_column_inner width=&#8221;1\/2&#8243; css=&#8221;.vc_custom_1643111808176{background-color: rgba(255,255,255,0.65) !important;*background-color: rgb(255,255,255) !important;}&#8221;][vc_column_text] Para oferecer aos seus Dreamers um servi\u00e7o completo para seu investimento imobili\u00e1rio no Brasil, a Dreaminbrazil disponibiliza todas as suas habilidades jur\u00eddicas. Intervimos nas principais \u00e1reas do direito, representando os interesses dos nossos clientes individuais e [&hellip;]<\/p>\n","protected":false},"author":1,"featured_media":0,"parent":0,"menu_order":0,"comment_status":"closed","ping_status":"closed","template":"page_full-width-with-top-title.php","meta":{"_monsterinsights_skip_tracking":false,"_monsterinsights_sitenote_active":false,"_monsterinsights_sitenote_note":"","_monsterinsights_sitenote_category":0,"footnotes":""},"class_list":["post-11190","page","type-page","status-publish","hentry"],"yoast_head":"<!-- This site is optimized with the Yoast SEO plugin v27.2 - https:\/\/yoast.com\/product\/yoast-seo-wordpress\/ -->\n<title>Servi\u00e7os Jur\u00eddicos - Dream in Brazil<\/title>\n<meta name=\"robots\" content=\"index, follow, max-snippet:-1, max-image-preview:large, max-video-preview:-1\" \/>\n<link rel=\"canonical\" href=\"https:\/\/dreaminbrazil.com\/pt-br\/servicos-legais\/\" \/>\n<meta property=\"og:locale\" content=\"pt_BR\" \/>\n<meta property=\"og:type\" content=\"article\" \/>\n<meta property=\"og:title\" content=\"Servi\u00e7os Jur\u00eddicos - Dream in Brazil\" \/>\n<meta property=\"og:description\" content=\"[vc_row full_width=&#8221;stretch_row&#8221; bg_type=&#8221;image&#8221; parallax_style=&#8221;vcpb-default&#8221; bg_image_new=&#8221;id^6306|url^https:\/\/dreaminbrazil.com\/wp-content\/uploads\/2022\/01\/Sans-titre.jpg|caption^null|alt^null|title^Sans titre|description^null&#8221; bg_image_repeat=&#8221;no-repeat&#8221;][vc_column css=&#8221;.vc_custom_1512407858131{padding-top: 12px !important;padding-bottom: 24px !important;}&#8221;][vc_row_inner][vc_column_inner width=&#8221;1\/4&#8243;][\/vc_column_inner][vc_column_inner width=&#8221;1\/2&#8243; css=&#8221;.vc_custom_1643111808176{background-color: rgba(255,255,255,0.65) !important;*background-color: rgb(255,255,255) !important;}&#8221;][vc_column_text] Para oferecer aos seus Dreamers um servi\u00e7o completo para seu investimento imobili\u00e1rio no Brasil, a Dreaminbrazil disponibiliza todas as suas habilidades jur\u00eddicas. Intervimos nas principais \u00e1reas do direito, representando os interesses dos nossos clientes individuais e [&hellip;]\" \/>\n<meta property=\"og:url\" content=\"https:\/\/dreaminbrazil.com\/pt-br\/servicos-legais\/\" \/>\n<meta property=\"og:site_name\" content=\"Dream in Brazil\" \/>\n<meta property=\"article:publisher\" content=\"https:\/\/www.facebook.com\/dreamin.br\" \/>\n<meta property=\"article:modified_time\" content=\"2023-06-21T16:10:44+00:00\" \/>\n<meta name=\"twitter:card\" content=\"summary_large_image\" \/>\n<meta name=\"twitter:label1\" content=\"Est. tempo de leitura\" \/>\n\t<meta name=\"twitter:data1\" content=\"4 minutos\" \/>\n<script type=\"application\/ld+json\" class=\"yoast-schema-graph\">{\"@context\":\"https:\/\/schema.org\",\"@graph\":[{\"@type\":\"WebPage\",\"@id\":\"https:\/\/dreaminbrazil.com\/pt-br\/servicos-legais\/\",\"url\":\"https:\/\/dreaminbrazil.com\/pt-br\/servicos-legais\/\",\"name\":\"Servi\u00e7os Jur\u00eddicos - Dream in Brazil\",\"isPartOf\":{\"@id\":\"https:\/\/dreaminbrazil.com\/#website\"},\"datePublished\":\"2022-01-25T11:41:28+00:00\",\"dateModified\":\"2023-06-21T16:10:44+00:00\",\"breadcrumb\":{\"@id\":\"https:\/\/dreaminbrazil.com\/pt-br\/servicos-legais\/#breadcrumb\"},\"inLanguage\":\"pt-BR\",\"potentialAction\":[{\"@type\":\"ReadAction\",\"target\":[\"https:\/\/dreaminbrazil.com\/pt-br\/servicos-legais\/\"]}]},{\"@type\":\"BreadcrumbList\",\"@id\":\"https:\/\/dreaminbrazil.com\/pt-br\/servicos-legais\/#breadcrumb\",\"itemListElement\":[{\"@type\":\"ListItem\",\"position\":1,\"name\":\"Accueil\",\"item\":\"https:\/\/dreaminbrazil.com\/pt-br\/\"},{\"@type\":\"ListItem\",\"position\":2,\"name\":\"Servi\u00e7os Jur\u00eddicos\"}]},{\"@type\":\"WebSite\",\"@id\":\"https:\/\/dreaminbrazil.com\/#website\",\"url\":\"https:\/\/dreaminbrazil.com\/\",\"name\":\"Dream in Brazil\",\"description\":\"Let your dreams comes true\",\"publisher\":{\"@id\":\"https:\/\/dreaminbrazil.com\/#organization\"},\"potentialAction\":[{\"@type\":\"SearchAction\",\"target\":{\"@type\":\"EntryPoint\",\"urlTemplate\":\"https:\/\/dreaminbrazil.com\/?s={search_term_string}\"},\"query-input\":{\"@type\":\"PropertyValueSpecification\",\"valueRequired\":true,\"valueName\":\"search_term_string\"}}],\"inLanguage\":\"pt-BR\"},{\"@type\":\"Organization\",\"@id\":\"https:\/\/dreaminbrazil.com\/#organization\",\"name\":\"Dream In Brazil\",\"url\":\"https:\/\/dreaminbrazil.com\/\",\"logo\":{\"@type\":\"ImageObject\",\"inLanguage\":\"pt-BR\",\"@id\":\"https:\/\/dreaminbrazil.com\/#\/schema\/logo\/image\/\",\"url\":\"https:\/\/dreaminbrazil.com\/wp-content\/uploads\/2022\/01\/logo-color-3.png\",\"contentUrl\":\"https:\/\/dreaminbrazil.com\/wp-content\/uploads\/2022\/01\/logo-color-3.png\",\"width\":355,\"height\":214,\"caption\":\"Dream In Brazil\"},\"image\":{\"@id\":\"https:\/\/dreaminbrazil.com\/#\/schema\/logo\/image\/\"},\"sameAs\":[\"https:\/\/www.facebook.com\/dreamin.br\",\"https:\/\/www.instagram.com\/dreamin_brazil\/\",\"https:\/\/www.linkedin.com\/company\/dreaminbrazil\",\"https:\/\/www.youtube.com\/channel\/UCOm4BbG4xclWUAnz_IEZ3tA\"]}]}<\/script>\n<!-- \/ Yoast SEO plugin. -->","yoast_head_json":{"title":"Servi\u00e7os Jur\u00eddicos - Dream in Brazil","robots":{"index":"index","follow":"follow","max-snippet":"max-snippet:-1","max-image-preview":"max-image-preview:large","max-video-preview":"max-video-preview:-1"},"canonical":"https:\/\/dreaminbrazil.com\/pt-br\/servicos-legais\/","og_locale":"pt_BR","og_type":"article","og_title":"Servi\u00e7os Jur\u00eddicos - Dream in Brazil","og_description":"[vc_row full_width=&#8221;stretch_row&#8221; bg_type=&#8221;image&#8221; parallax_style=&#8221;vcpb-default&#8221; bg_image_new=&#8221;id^6306|url^https:\/\/dreaminbrazil.com\/wp-content\/uploads\/2022\/01\/Sans-titre.jpg|caption^null|alt^null|title^Sans titre|description^null&#8221; bg_image_repeat=&#8221;no-repeat&#8221;][vc_column css=&#8221;.vc_custom_1512407858131{padding-top: 12px !important;padding-bottom: 24px !important;}&#8221;][vc_row_inner][vc_column_inner width=&#8221;1\/4&#8243;][\/vc_column_inner][vc_column_inner width=&#8221;1\/2&#8243; css=&#8221;.vc_custom_1643111808176{background-color: rgba(255,255,255,0.65) !important;*background-color: rgb(255,255,255) !important;}&#8221;][vc_column_text] Para oferecer aos seus Dreamers um servi\u00e7o completo para seu investimento imobili\u00e1rio no Brasil, a Dreaminbrazil disponibiliza todas as suas habilidades jur\u00eddicas. Intervimos nas principais \u00e1reas do direito, representando os interesses dos nossos clientes individuais e [&hellip;]","og_url":"https:\/\/dreaminbrazil.com\/pt-br\/servicos-legais\/","og_site_name":"Dream in Brazil","article_publisher":"https:\/\/www.facebook.com\/dreamin.br","article_modified_time":"2023-06-21T16:10:44+00:00","twitter_card":"summary_large_image","twitter_misc":{"Est. tempo de leitura":"4 minutos"},"schema":{"@context":"https:\/\/schema.org","@graph":[{"@type":"WebPage","@id":"https:\/\/dreaminbrazil.com\/pt-br\/servicos-legais\/","url":"https:\/\/dreaminbrazil.com\/pt-br\/servicos-legais\/","name":"Servi\u00e7os Jur\u00eddicos - Dream in Brazil","isPartOf":{"@id":"https:\/\/dreaminbrazil.com\/#website"},"datePublished":"2022-01-25T11:41:28+00:00","dateModified":"2023-06-21T16:10:44+00:00","breadcrumb":{"@id":"https:\/\/dreaminbrazil.com\/pt-br\/servicos-legais\/#breadcrumb"},"inLanguage":"pt-BR","potentialAction":[{"@type":"ReadAction","target":["https:\/\/dreaminbrazil.com\/pt-br\/servicos-legais\/"]}]},{"@type":"BreadcrumbList","@id":"https:\/\/dreaminbrazil.com\/pt-br\/servicos-legais\/#breadcrumb","itemListElement":[{"@type":"ListItem","position":1,"name":"Accueil","item":"https:\/\/dreaminbrazil.com\/pt-br\/"},{"@type":"ListItem","position":2,"name":"Servi\u00e7os Jur\u00eddicos"}]},{"@type":"WebSite","@id":"https:\/\/dreaminbrazil.com\/#website","url":"https:\/\/dreaminbrazil.com\/","name":"Dream in Brazil","description":"Let your dreams comes true","publisher":{"@id":"https:\/\/dreaminbrazil.com\/#organization"},"potentialAction":[{"@type":"SearchAction","target":{"@type":"EntryPoint","urlTemplate":"https:\/\/dreaminbrazil.com\/?s={search_term_string}"},"query-input":{"@type":"PropertyValueSpecification","valueRequired":true,"valueName":"search_term_string"}}],"inLanguage":"pt-BR"},{"@type":"Organization","@id":"https:\/\/dreaminbrazil.com\/#organization","name":"Dream In Brazil","url":"https:\/\/dreaminbrazil.com\/","logo":{"@type":"ImageObject","inLanguage":"pt-BR","@id":"https:\/\/dreaminbrazil.com\/#\/schema\/logo\/image\/","url":"https:\/\/dreaminbrazil.com\/wp-content\/uploads\/2022\/01\/logo-color-3.png","contentUrl":"https:\/\/dreaminbrazil.com\/wp-content\/uploads\/2022\/01\/logo-color-3.png","width":355,"height":214,"caption":"Dream In Brazil"},"image":{"@id":"https:\/\/dreaminbrazil.com\/#\/schema\/logo\/image\/"},"sameAs":["https:\/\/www.facebook.com\/dreamin.br","https:\/\/www.instagram.com\/dreamin_brazil\/","https:\/\/www.linkedin.com\/company\/dreaminbrazil","https:\/\/www.youtube.com\/channel\/UCOm4BbG4xclWUAnz_IEZ3tA"]}]}},"_links":{"self":[{"href":"https:\/\/dreaminbrazil.com\/pt-br\/wp-json\/wp\/v2\/pages\/11190","targetHints":{"allow":["GET"]}}],"collection":[{"href":"https:\/\/dreaminbrazil.com\/pt-br\/wp-json\/wp\/v2\/pages"}],"about":[{"href":"https:\/\/dreaminbrazil.com\/pt-br\/wp-json\/wp\/v2\/types\/page"}],"author":[{"embeddable":true,"href":"https:\/\/dreaminbrazil.com\/pt-br\/wp-json\/wp\/v2\/users\/1"}],"replies":[{"embeddable":true,"href":"https:\/\/dreaminbrazil.com\/pt-br\/wp-json\/wp\/v2\/comments?post=11190"}],"version-history":[{"count":8,"href":"https:\/\/dreaminbrazil.com\/pt-br\/wp-json\/wp\/v2\/pages\/11190\/revisions"}],"predecessor-version":[{"id":12732,"href":"https:\/\/dreaminbrazil.com\/pt-br\/wp-json\/wp\/v2\/pages\/11190\/revisions\/12732"}],"wp:attachment":[{"href":"https:\/\/dreaminbrazil.com\/pt-br\/wp-json\/wp\/v2\/media?parent=11190"}],"curies":[{"name":"wp","href":"https:\/\/api.w.org\/{rel}","templated":true}]}}