{"id":11201,"date":"2022-01-24T21:20:30","date_gmt":"2022-01-24T20:20:30","guid":{"rendered":"https:\/\/dreaminbrazil.com\/contactez-nous\/"},"modified":"2023-11-23T14:11:26","modified_gmt":"2023-11-23T13:11:26","slug":"contato","status":"publish","type":"page","link":"https:\/\/dreaminbrazil.com\/pt-br\/contato\/","title":{"rendered":"Contato"},"content":{"rendered":"<p>[vc_row full_width=&#8221;stretch_row&#8221; equal_height=&#8221;yes&#8221; parallax=&#8221;content-moving&#8221; css=&#8221;.vc_custom_1643204300900{margin-bottom: 0px !important;padding-bottom: 48px !important;background-position: center;background-repeat: no-repeat !important;background-size: cover !important;}&#8221;][vc_column width=&#8221;1\/2&#8243; css=&#8221;.vc_custom_1494336662073{padding-right: 24px !important;}&#8221;]<div class=\"mh-heading-wrapper--left \">\r\n\t\r\n        <div class=\"mh-heading-wrapper\">\r\n            <h2            class=\"mh-heading  mh-heading--bottom-separator   \"\r\n            style=\"font-weight:700;\">\r\n\t\t\tFormul\u00e1rio de Contato        <\/h2>\r\n\r\n\t\t            <div class=\"mh-subheading \"\r\n                 style=\"\">\r\n\t\t\t\tPara qualquer pedido de informa\u00e7\u00e3o ou para anunciar um im\u00f3vel no nosso site, n\u00e3o hesite em contactar-nos atrav\u00e9s do formul\u00e1rio abaixo:            <\/div>\r\n\t\t    <\/div>\r\n\r\n\t<\/div>\n<div class=\"wpcf7 no-js\" id=\"wpcf7-f11199-o1\" lang=\"pt-BR\" dir=\"ltr\" data-wpcf7-id=\"11199\">\n<div class=\"screen-reader-response\"><p role=\"status\" aria-live=\"polite\" aria-atomic=\"true\"><\/p> <ul><\/ul><\/div>\n<form action=\"\/pt-br\/wp-json\/wp\/v2\/pages\/11201#wpcf7-f11199-o1\" method=\"post\" class=\"wpcf7-form init\" aria-label=\"Formul\u00e1rios de contato\" novalidate=\"novalidate\" data-status=\"init\">\n<fieldset class=\"hidden-fields-container\"><input type=\"hidden\" name=\"_wpcf7\" value=\"11199\" \/><input type=\"hidden\" name=\"_wpcf7_version\" value=\"6.1.5\" \/><input type=\"hidden\" name=\"_wpcf7_locale\" value=\"pt_BR\" \/><input type=\"hidden\" name=\"_wpcf7_unit_tag\" value=\"wpcf7-f11199-o1\" \/><input type=\"hidden\" name=\"_wpcf7_container_post\" value=\"0\" \/><input type=\"hidden\" name=\"_wpcf7_posted_data_hash\" value=\"\" \/><input type=\"hidden\" name=\"_wpcf7_recaptcha_response\" value=\"\" \/>\n<\/fieldset>\n<p><label><span class=\"wpcf7-form-control-wrap\" data-name=\"your-name\"><input size=\"40\" maxlength=\"400\" class=\"wpcf7-form-control wpcf7-text wpcf7-validates-as-required\" aria-required=\"true\" aria-invalid=\"false\" placeholder=\"Nome completo*\" value=\"\" type=\"text\" name=\"your-name\" \/><\/span><\/label><br \/>\n<label><span class=\"wpcf7-form-control-wrap\" data-name=\"your-email\"><input size=\"40\" maxlength=\"400\" class=\"wpcf7-form-control wpcf7-email wpcf7-validates-as-required wpcf7-text wpcf7-validates-as-email\" aria-required=\"true\" aria-invalid=\"false\" placeholder=\"Seu email*\" value=\"\" type=\"email\" name=\"your-email\" \/><\/span><\/label><br \/>\n<label><span class=\"wpcf7-form-control-wrap\" data-name=\"tel-605\"><input size=\"40\" maxlength=\"400\" class=\"wpcf7-form-control wpcf7-tel wpcf7-validates-as-required wpcf7-text wpcf7-validates-as-tel\" aria-required=\"true\" aria-invalid=\"false\" placeholder=\"N\u00famero de telefone\" value=\"\" type=\"tel\" name=\"tel-605\" \/><\/span><\/label><br \/>\n<label><span class=\"wpcf7-form-control-wrap\" data-name=\"your-subject\"><input size=\"40\" maxlength=\"400\" class=\"wpcf7-form-control wpcf7-text\" aria-invalid=\"false\" placeholder=\"Tema\" value=\"\" type=\"text\" name=\"your-subject\" \/><\/span> <\/label><br \/>\n<label><span class=\"wpcf7-form-control-wrap\" data-name=\"your-message\"><textarea cols=\"40\" rows=\"10\" maxlength=\"2000\" class=\"wpcf7-form-control wpcf7-textarea\" aria-invalid=\"false\" placeholder=\"Notas Adicionais...\" name=\"your-message\"><\/textarea><\/span> <\/label><br \/>\n<span class=\"wpcf7-form-control-wrap recaptcha\" data-name=\"recaptcha\"><span data-sitekey=\"6LchhrogAAAAAL5KcdQiZyqco-WFya8aUPNWTyHO\" class=\"wpcf7-form-control wpcf7-recaptcha g-recaptcha\"><\/span>\r\n<noscript>\r\n\t<div class=\"grecaptcha-noscript\">\r\n\t\t<iframe loading=\"lazy\" src=\"https:\/\/www.google.com\/recaptcha\/api\/fallback?k=6LchhrogAAAAAL5KcdQiZyqco-WFya8aUPNWTyHO\" frameborder=\"0\" scrolling=\"no\" width=\"310\" height=\"430\">\r\n\t\t<\/iframe>\r\n\t\t<textarea name=\"g-recaptcha-response\" rows=\"3\" cols=\"40\" placeholder=\"reCaptcha Response Here\">\r\n\t\t<\/textarea>\r\n\t<\/div>\r\n<\/noscript>\r\n<\/span><br \/>\n<input class=\"wpcf7-form-control wpcf7-submit has-spinner\" type=\"submit\" value=\"Enviar\" \/>\n<\/p><div class=\"wpcf7-response-output\" aria-hidden=\"true\"><\/div>\n<\/form>\n<\/div>\n[\/vc_column][vc_column width=&#8221;1\/2&#8243; css=&#8221;.vc_custom_1643204383332{padding-right: 24px !important;padding-left: 24px !important;background-color: rgba(242,242,242,0.93) !important;*background-color: rgb(242,242,242) !important;}&#8221;][vc_single_image image=&#8221;11087&#8243; img_size=&#8221;full&#8221; alignment=&#8221;center&#8221; css_animation=&#8221;fadeIn&#8221;][vc_row_inner][vc_column_inner width=&#8221;1\/3&#8243; css=&#8221;.vc_custom_1657546885011{padding-right: 0px !important;padding-left: 0px !important;}&#8221;][vc_icon icon_fontawesome=&#8221;fas fa-map-marker-alt&#8221; color=&#8221;custom&#8221; background_style=&#8221;rounded-less&#8221; background_color=&#8221;custom&#8221; size=&#8221;lg&#8221; align=&#8221;center&#8221; custom_color=&#8221;#f4b94c&#8221; custom_background_color=&#8221;#145a41&#8243;][vc_empty_space height=&#8221;12px&#8221;][vc_column_text]<\/p>\n<p style=\"text-align: center;\">WSTC-Soho Avenida Washington Soares 3663, Sala 804, Torre 2, Edson Queiroz, Fortaleza &#8211; CE, 60811-341<\/p>\n<p>[\/vc_column_text][\/vc_column_inner][vc_column_inner width=&#8221;1\/3&#8243; css=&#8221;.vc_custom_1657546903772{padding-right: 0px !important;padding-left: 0px !important;}&#8221;][vc_icon icon_fontawesome=&#8221;fas fa-mobile-alt&#8221; color=&#8221;custom&#8221; background_style=&#8221;rounded-less&#8221; background_color=&#8221;custom&#8221; size=&#8221;lg&#8221; align=&#8221;center&#8221; custom_color=&#8221;#f4b94c&#8221; custom_background_color=&#8221;#145a41&#8243;][vc_empty_space height=&#8221;12px&#8221;][vc_column_text]<\/p>\n<p style=\"text-align: center;\"><a href=\"tel:+5585981539006\">+5585981539006<\/a><\/p>\n<p>\u00a0[\/vc_column_text][vc_column_text]<\/p>\n<h4 style=\"text-align: center; line-height: 0;\"><span style=\"color: #145a41;\">Whatsapp:<\/span><\/h4>\n<p style=\"text-align: center;\"><a href=\"https:\/\/wa.me\/5585981539006\" target=\"_blank\" rel=\"noopener\">+5585981539006<\/a><\/p>\n<p>[\/vc_column_text][\/vc_column_inner][vc_column_inner width=&#8221;1\/3&#8243; css=&#8221;.vc_custom_1657546924314{padding-right: 0px !important;padding-left: 0px !important;}&#8221;][vc_icon icon_fontawesome=&#8221;fas fa-envelope-open&#8221; color=&#8221;custom&#8221; background_style=&#8221;rounded-less&#8221; background_color=&#8221;custom&#8221; size=&#8221;lg&#8221; align=&#8221;center&#8221; custom_color=&#8221;#f4b94c&#8221; custom_background_color=&#8221;#145a41&#8243;][vc_empty_space height=&#8221;12px&#8221;][vc_column_text]<\/p>\n<p style=\"text-align: center;\"><a href=\"mailto:info@dreaminbrazil.com\">info@dreaminbrazil.com<\/a><\/p>\n<p>[\/vc_column_text][\/vc_column_inner][\/vc_row_inner][vc_text_separator title=&#8221;Redes sociais&#8221; color=&#8221;custom&#8221; el_width=&#8221;70&#8243; accent_color=&#8221;#145a41&#8243;][vc_row_inner][vc_column_inner width=&#8221;1\/4&#8243;][vc_icon icon_fontawesome=&#8221;fab fa-facebook-f&#8221; color=&#8221;custom&#8221; background_style=&#8221;rounded&#8221; background_color=&#8221;custom&#8221; align=&#8221;center&#8221; custom_color=&#8221;#ffffff&#8221; custom_background_color=&#8221;#f4b94c&#8221; link=&#8221;url:https%3A%2F%2Fwww.facebook.com%2Fdreamin.br&#8221;][\/vc_column_inner][vc_column_inner width=&#8221;1\/4&#8243;][vc_icon icon_fontawesome=&#8221;fab fa-instagram&#8221; color=&#8221;custom&#8221; background_style=&#8221;rounded&#8221; background_color=&#8221;custom&#8221; align=&#8221;center&#8221; custom_color=&#8221;#ffffff&#8221; custom_background_color=&#8221;#f4b94c&#8221; link=&#8221;url:https%3A%2F%2Fwww.instagram.com%2Fdreamin_brazil%2F&#8221;][\/vc_column_inner][vc_column_inner width=&#8221;1\/4&#8243;][vc_icon icon_fontawesome=&#8221;fab fa-linkedin-in&#8221; color=&#8221;custom&#8221; background_style=&#8221;rounded&#8221; background_color=&#8221;custom&#8221; align=&#8221;center&#8221; custom_color=&#8221;#ffffff&#8221; custom_background_color=&#8221;#f4b94c&#8221; link=&#8221;url:https%3A%2F%2Fwww.linkedin.com%2Fcompany%2Fdreaminbrazil&#8221;][\/vc_column_inner][vc_column_inner width=&#8221;1\/4&#8243;][vc_icon icon_fontawesome=&#8221;fab fa-youtube&#8221; color=&#8221;custom&#8221; background_style=&#8221;rounded&#8221; background_color=&#8221;custom&#8221; align=&#8221;center&#8221; custom_color=&#8221;#ffffff&#8221; custom_background_color=&#8221;#f4b94c&#8221; link=&#8221;url:https%3A%2F%2Fwww.youtube.com%2Fchannel%2FUCOm4BbG4xclWUAnz_IEZ3tA&#8221;][\/vc_column_inner][\/vc_row_inner][\/vc_column][\/vc_row][vc_row full_width=&#8221;stretch_row_content_no_spaces&#8221;][vc_column][vc_gmaps link=&#8221;#E-8_JTNDaWZyYW1lJTIwc3JjJTNEJTIyaHR0cHMlM0ElMkYlMkZ3d3cuZ29vZ2xlLmNvbSUyRm1hcHMlMkZlbWJlZCUzRnBiJTNEJTIxMW0xOCUyMTFtMTIlMjExbTMlMjExZDM5ODEuMTAxODEyNDc4OTg1JTIxMmQtMzguNDgyNjYzODg1Njc5NjklMjEzZC0zLjc4ODAxMjc0NDUzODE3NCUyMTJtMyUyMTFmMCUyMTJmMCUyMTNmMCUyMTNtMiUyMTFpMTAyNCUyMTJpNzY4JTIxNGYxMy4xJTIxM20zJTIxMW0yJTIxMXMweDdjNzQ1OGI4NWZmZmJjMSUyNTNBMHg2MjM1YmJlZDA0ZjI1Y2RmJTIxMnNXU1RDJTI1MjAlMjU3QyUyNTIwU09ITyUyMTVlMCUyMTNtMiUyMTFzcHQtQlIlMjEyc2JyJTIxNHYxNjQzMDU5Njg1Mzg5JTIxNW0yJTIxMXNwdC1CUiUyMTJzYnIlMjIlMjB3aWR0aCUzRCUyMjYwMCUyMiUyMGhlaWdodCUzRCUyMjQ1MCUyMiUyMHN0eWxlJTNEJTIyYm9yZGVyJTNBMCUzQiUyMiUyMGFsbG93ZnVsbHNjcmVlbiUzRCUyMiUyMiUyMGxvYWRpbmclM0QlMjJsYXp5JTIyJTNFJTNDJTJGaWZyYW1lJTNF&#8221; css=&#8221;.vc_custom_1643059700911{margin-top: 0px !important;margin-right: 0px !important;margin-bottom: 0px !important;margin-left: 0px !important;border-top-width: 0px !important;border-right-width: 0px !important;border-bottom-width: 0px !important;border-left-width: 0px !important;padding-top: 0px !important;padding-right: 0px !important;padding-bottom: 0px !important;padding-left: 0px !important;}&#8221;][\/vc_column][\/vc_row]<\/p>\n","protected":false},"excerpt":{"rendered":"<p>[vc_row full_width=&#8221;stretch_row&#8221; equal_height=&#8221;yes&#8221; parallax=&#8221;content-moving&#8221; css=&#8221;.vc_custom_1643204300900{margin-bottom: 0px !important;padding-bottom: 48px !important;background-position: center;background-repeat: no-repeat !important;background-size: cover !important;}&#8221;][vc_column width=&#8221;1\/2&#8243; css=&#8221;.vc_custom_1494336662073{padding-right: 24px !important;}&#8221;][\/vc_column][vc_column width=&#8221;1\/2&#8243; css=&#8221;.vc_custom_1643204383332{padding-right: 24px !important;padding-left: 24px !important;background-color: rgba(242,242,242,0.93) !important;*background-color: rgb(242,242,242) !important;}&#8221;][vc_single_image image=&#8221;11087&#8243; img_size=&#8221;full&#8221; alignment=&#8221;center&#8221; css_animation=&#8221;fadeIn&#8221;][vc_row_inner][vc_column_inner width=&#8221;1\/3&#8243; css=&#8221;.vc_custom_1657546885011{padding-right: 0px !important;padding-left: 0px !important;}&#8221;][vc_icon icon_fontawesome=&#8221;fas fa-map-marker-alt&#8221; color=&#8221;custom&#8221; background_style=&#8221;rounded-less&#8221; background_color=&#8221;custom&#8221; size=&#8221;lg&#8221; align=&#8221;center&#8221; custom_color=&#8221;#f4b94c&#8221; custom_background_color=&#8221;#145a41&#8243;][vc_empty_space height=&#8221;12px&#8221;][vc_column_text] WSTC-Soho Avenida Washington Soares 3663, Sala 804, [&hellip;]<\/p>\n","protected":false},"author":1,"featured_media":0,"parent":0,"menu_order":0,"comment_status":"closed","ping_status":"closed","template":"page_full-width-with-top-title.php","meta":{"_monsterinsights_skip_tracking":false,"_monsterinsights_sitenote_active":false,"_monsterinsights_sitenote_note":"","_monsterinsights_sitenote_category":0,"footnotes":""},"class_list":["post-11201","page","type-page","status-publish","hentry"],"yoast_head":"<!-- This site is optimized with the Yoast SEO plugin v27.2 - https:\/\/yoast.com\/product\/yoast-seo-wordpress\/ -->\n<title>Contato - Dreamin&#039;Brazil<\/title>\n<meta name=\"description\" content=\"Os contatos da Dreamin&#039;Brazil est\u00e3o \u00e0 disposi\u00e7\u00e3o para atend\u00ea-los a qualquer pedido de informa\u00e7\u00e3o ou d\u00favida. Contactar-nos aqui.\" \/>\n<meta name=\"robots\" content=\"index, follow, max-snippet:-1, max-image-preview:large, max-video-preview:-1\" \/>\n<link rel=\"canonical\" href=\"https:\/\/dreaminbrazil.com\/pt-br\/contato\/\" \/>\n<meta property=\"og:locale\" content=\"pt_BR\" \/>\n<meta property=\"og:type\" content=\"article\" \/>\n<meta property=\"og:title\" content=\"Contato - Dreamin&#039;Brazil\" \/>\n<meta property=\"og:description\" content=\"Os contatos da Dreamin&#039;Brazil est\u00e3o \u00e0 disposi\u00e7\u00e3o para atend\u00ea-los a qualquer pedido de informa\u00e7\u00e3o ou d\u00favida. Contactar-nos aqui.\" \/>\n<meta property=\"og:url\" content=\"https:\/\/dreaminbrazil.com\/pt-br\/contato\/\" \/>\n<meta property=\"og:site_name\" content=\"Dream in Brazil\" \/>\n<meta property=\"article:publisher\" content=\"https:\/\/www.facebook.com\/dreamin.br\" \/>\n<meta property=\"article:modified_time\" content=\"2023-11-23T13:11:26+00:00\" \/>\n<meta name=\"twitter:card\" content=\"summary_large_image\" \/>\n<meta name=\"twitter:label1\" content=\"Est. tempo de leitura\" \/>\n\t<meta name=\"twitter:data1\" content=\"2 minutos\" \/>\n<script type=\"application\/ld+json\" class=\"yoast-schema-graph\">{\"@context\":\"https:\/\/schema.org\",\"@graph\":[{\"@type\":\"WebPage\",\"@id\":\"https:\/\/dreaminbrazil.com\/pt-br\/contato\/\",\"url\":\"https:\/\/dreaminbrazil.com\/pt-br\/contato\/\",\"name\":\"Contato - Dreamin'Brazil\",\"isPartOf\":{\"@id\":\"https:\/\/dreaminbrazil.com\/#website\"},\"datePublished\":\"2022-01-24T20:20:30+00:00\",\"dateModified\":\"2023-11-23T13:11:26+00:00\",\"description\":\"Os contatos da Dreamin'Brazil est\u00e3o \u00e0 disposi\u00e7\u00e3o para atend\u00ea-los a qualquer pedido de informa\u00e7\u00e3o ou d\u00favida. Contactar-nos aqui.\",\"breadcrumb\":{\"@id\":\"https:\/\/dreaminbrazil.com\/pt-br\/contato\/#breadcrumb\"},\"inLanguage\":\"pt-BR\",\"potentialAction\":[{\"@type\":\"ReadAction\",\"target\":[\"https:\/\/dreaminbrazil.com\/pt-br\/contato\/\"]}]},{\"@type\":\"BreadcrumbList\",\"@id\":\"https:\/\/dreaminbrazil.com\/pt-br\/contato\/#breadcrumb\",\"itemListElement\":[{\"@type\":\"ListItem\",\"position\":1,\"name\":\"Accueil\",\"item\":\"https:\/\/dreaminbrazil.com\/pt-br\/\"},{\"@type\":\"ListItem\",\"position\":2,\"name\":\"Contato\"}]},{\"@type\":\"WebSite\",\"@id\":\"https:\/\/dreaminbrazil.com\/#website\",\"url\":\"https:\/\/dreaminbrazil.com\/\",\"name\":\"Dream in Brazil\",\"description\":\"Let your dreams comes true\",\"publisher\":{\"@id\":\"https:\/\/dreaminbrazil.com\/#organization\"},\"potentialAction\":[{\"@type\":\"SearchAction\",\"target\":{\"@type\":\"EntryPoint\",\"urlTemplate\":\"https:\/\/dreaminbrazil.com\/?s={search_term_string}\"},\"query-input\":{\"@type\":\"PropertyValueSpecification\",\"valueRequired\":true,\"valueName\":\"search_term_string\"}}],\"inLanguage\":\"pt-BR\"},{\"@type\":\"Organization\",\"@id\":\"https:\/\/dreaminbrazil.com\/#organization\",\"name\":\"Dream In Brazil\",\"url\":\"https:\/\/dreaminbrazil.com\/\",\"logo\":{\"@type\":\"ImageObject\",\"inLanguage\":\"pt-BR\",\"@id\":\"https:\/\/dreaminbrazil.com\/#\/schema\/logo\/image\/\",\"url\":\"https:\/\/dreaminbrazil.com\/wp-content\/uploads\/2022\/01\/logo-color-3.png\",\"contentUrl\":\"https:\/\/dreaminbrazil.com\/wp-content\/uploads\/2022\/01\/logo-color-3.png\",\"width\":355,\"height\":214,\"caption\":\"Dream In Brazil\"},\"image\":{\"@id\":\"https:\/\/dreaminbrazil.com\/#\/schema\/logo\/image\/\"},\"sameAs\":[\"https:\/\/www.facebook.com\/dreamin.br\",\"https:\/\/www.instagram.com\/dreamin_brazil\/\",\"https:\/\/www.linkedin.com\/company\/dreaminbrazil\",\"https:\/\/www.youtube.com\/channel\/UCOm4BbG4xclWUAnz_IEZ3tA\"]}]}<\/script>\n<!-- \/ Yoast SEO plugin. -->","yoast_head_json":{"title":"Contato - Dreamin'Brazil","description":"Os contatos da Dreamin'Brazil est\u00e3o \u00e0 disposi\u00e7\u00e3o para atend\u00ea-los a qualquer pedido de informa\u00e7\u00e3o ou d\u00favida. Contactar-nos aqui.","robots":{"index":"index","follow":"follow","max-snippet":"max-snippet:-1","max-image-preview":"max-image-preview:large","max-video-preview":"max-video-preview:-1"},"canonical":"https:\/\/dreaminbrazil.com\/pt-br\/contato\/","og_locale":"pt_BR","og_type":"article","og_title":"Contato - Dreamin'Brazil","og_description":"Os contatos da Dreamin'Brazil est\u00e3o \u00e0 disposi\u00e7\u00e3o para atend\u00ea-los a qualquer pedido de informa\u00e7\u00e3o ou d\u00favida. Contactar-nos aqui.","og_url":"https:\/\/dreaminbrazil.com\/pt-br\/contato\/","og_site_name":"Dream in Brazil","article_publisher":"https:\/\/www.facebook.com\/dreamin.br","article_modified_time":"2023-11-23T13:11:26+00:00","twitter_card":"summary_large_image","twitter_misc":{"Est. tempo de leitura":"2 minutos"},"schema":{"@context":"https:\/\/schema.org","@graph":[{"@type":"WebPage","@id":"https:\/\/dreaminbrazil.com\/pt-br\/contato\/","url":"https:\/\/dreaminbrazil.com\/pt-br\/contato\/","name":"Contato - Dreamin'Brazil","isPartOf":{"@id":"https:\/\/dreaminbrazil.com\/#website"},"datePublished":"2022-01-24T20:20:30+00:00","dateModified":"2023-11-23T13:11:26+00:00","description":"Os contatos da Dreamin'Brazil est\u00e3o \u00e0 disposi\u00e7\u00e3o para atend\u00ea-los a qualquer pedido de informa\u00e7\u00e3o ou d\u00favida. Contactar-nos aqui.","breadcrumb":{"@id":"https:\/\/dreaminbrazil.com\/pt-br\/contato\/#breadcrumb"},"inLanguage":"pt-BR","potentialAction":[{"@type":"ReadAction","target":["https:\/\/dreaminbrazil.com\/pt-br\/contato\/"]}]},{"@type":"BreadcrumbList","@id":"https:\/\/dreaminbrazil.com\/pt-br\/contato\/#breadcrumb","itemListElement":[{"@type":"ListItem","position":1,"name":"Accueil","item":"https:\/\/dreaminbrazil.com\/pt-br\/"},{"@type":"ListItem","position":2,"name":"Contato"}]},{"@type":"WebSite","@id":"https:\/\/dreaminbrazil.com\/#website","url":"https:\/\/dreaminbrazil.com\/","name":"Dream in Brazil","description":"Let your dreams comes true","publisher":{"@id":"https:\/\/dreaminbrazil.com\/#organization"},"potentialAction":[{"@type":"SearchAction","target":{"@type":"EntryPoint","urlTemplate":"https:\/\/dreaminbrazil.com\/?s={search_term_string}"},"query-input":{"@type":"PropertyValueSpecification","valueRequired":true,"valueName":"search_term_string"}}],"inLanguage":"pt-BR"},{"@type":"Organization","@id":"https:\/\/dreaminbrazil.com\/#organization","name":"Dream In Brazil","url":"https:\/\/dreaminbrazil.com\/","logo":{"@type":"ImageObject","inLanguage":"pt-BR","@id":"https:\/\/dreaminbrazil.com\/#\/schema\/logo\/image\/","url":"https:\/\/dreaminbrazil.com\/wp-content\/uploads\/2022\/01\/logo-color-3.png","contentUrl":"https:\/\/dreaminbrazil.com\/wp-content\/uploads\/2022\/01\/logo-color-3.png","width":355,"height":214,"caption":"Dream In Brazil"},"image":{"@id":"https:\/\/dreaminbrazil.com\/#\/schema\/logo\/image\/"},"sameAs":["https:\/\/www.facebook.com\/dreamin.br","https:\/\/www.instagram.com\/dreamin_brazil\/","https:\/\/www.linkedin.com\/company\/dreaminbrazil","https:\/\/www.youtube.com\/channel\/UCOm4BbG4xclWUAnz_IEZ3tA"]}]}},"_links":{"self":[{"href":"https:\/\/dreaminbrazil.com\/pt-br\/wp-json\/wp\/v2\/pages\/11201","targetHints":{"allow":["GET"]}}],"collection":[{"href":"https:\/\/dreaminbrazil.com\/pt-br\/wp-json\/wp\/v2\/pages"}],"about":[{"href":"https:\/\/dreaminbrazil.com\/pt-br\/wp-json\/wp\/v2\/types\/page"}],"author":[{"embeddable":true,"href":"https:\/\/dreaminbrazil.com\/pt-br\/wp-json\/wp\/v2\/users\/1"}],"replies":[{"embeddable":true,"href":"https:\/\/dreaminbrazil.com\/pt-br\/wp-json\/wp\/v2\/comments?post=11201"}],"version-history":[{"count":10,"href":"https:\/\/dreaminbrazil.com\/pt-br\/wp-json\/wp\/v2\/pages\/11201\/revisions"}],"predecessor-version":[{"id":13222,"href":"https:\/\/dreaminbrazil.com\/pt-br\/wp-json\/wp\/v2\/pages\/11201\/revisions\/13222"}],"wp:attachment":[{"href":"https:\/\/dreaminbrazil.com\/pt-br\/wp-json\/wp\/v2\/media?parent=11201"}],"curies":[{"name":"wp","href":"https:\/\/api.w.org\/{rel}","templated":true}]}}