{"id":11261,"date":"2022-02-11T11:14:58","date_gmt":"2022-02-11T10:14:58","guid":{"rendered":"https:\/\/dreaminbrazil.com\/visas\/"},"modified":"2023-06-20T14:07:29","modified_gmt":"2023-06-20T12:07:29","slug":"visto","status":"publish","type":"page","link":"https:\/\/dreaminbrazil.com\/pt-br\/visto\/","title":{"rendered":"Visto Investidor"},"content":{"rendered":"<p>[vc_row full_width=&#8221;stretch_row_content_no_spaces&#8221; equal_height=&#8221;yes&#8221; content_placement=&#8221;middle&#8221; css=&#8221;.vc_custom_1644577738068{background-color: #ffffff !important;}&#8221;][vc_column width=&#8221;1\/2&#8243; css=&#8221;.vc_custom_1644575192123{padding-top: 0px !important;background-image: url(https:\/\/dreaminbrazil.com\/wp-content\/uploads\/2022\/02\/wallpaperflare.com_wallpaper-10.jpg?id=11213) !important;background-position: center !important;background-repeat: no-repeat !important;background-size: cover !important;}&#8221; el_class=&#8221;mh-2-col-image-bg&#8221;][\/vc_column][vc_column width=&#8221;1\/2&#8243; css=&#8221;.vc_custom_1496231457062{padding-top: 0px !important;}&#8221; el_class=&#8221;mh-2-col-text&#8221;]<div class=\"mh-heading-wrapper--left \">\r\n\t\r\n        <div class=\"mh-heading-wrapper\">\r\n            <h2            class=\"mh-heading  mh-heading--bottom-separator   \"\r\n            style=\"font-weight:700;\">\r\n\t\t\tOs diferentes tipos de vistos        <\/h2>\r\n\r\n\t\t    <\/div>\r\n\r\n\t<\/div>[vc_column_text el_class=&#8221;mh-font-size-m&#8221;]No Brasil, existem v\u00e1rios tipos de vistos dispon\u00edveis, seja tempor\u00e1rio, permanente ou outro. A Dreaminbrazil cuida de todos os procedimentos para garantir uma transi\u00e7\u00e3o suave ou expatria\u00e7\u00e3o para o Brasil.<\/p>\n<p>No contexto de investimento imobili\u00e1rio no Brasil, voc\u00ea tem o direito de solicitar um visto de investidor. Este visto permite que voc\u00ea fique no Brasil sem restri\u00e7\u00e3o de tempo e desfrute dos mesmos direitos de um cidad\u00e3o brasileiro (exceto para a vida pol\u00edtica).<\/p>\n<p>\u00c9 importante notar que apenas um visto permanente permite que estrangeiros sejam Administrador (gerente) de uma empresa. Al\u00e9m disso, apenas um visto permanente ou tempor\u00e1rio (dependendo da categoria) permite que voc\u00ea abra uma conta banc\u00e1ria no Brasil.[\/vc_column_text][\/vc_column][\/vc_row][vc_section full_width=&#8221;stretch_row&#8221; css=&#8221;.vc_custom_1644592850902{background-image: url(https:\/\/dreaminbrazil.com\/wp-content\/uploads\/2022\/01\/back.png?id=6269) !important;}&#8221;][vc_row full_width=&#8221;stretch_row&#8221;][vc_column css=&#8221;.vc_custom_1494609686462{padding-top: 39px !important;padding-bottom: 24px !important;}&#8221;]<div class=\" \">\r\n\t\r\n        <div class=\"mh-heading-wrapper\">\r\n            <h2            class=\"mh-heading  mh-heading--bottom-separator   \"\r\n            style=\"font-weight:700;\">\r\n\t\t\tNo entanto, para obter um visto de Investidor existem algumas condi\u00e7\u00f5es:        <\/h2>\r\n\r\n\t\t    <\/div>\r\n\r\n\t<\/div>[vc_row_inner equal_height=&#8221;yes&#8221; css=&#8221;.vc_custom_1644579535564{margin-right: -6px !important;margin-left: -6px !important;}&#8221;][vc_column_inner width=&#8221;1\/3&#8243; css=&#8221;.vc_custom_1644579854917{padding-right: 6px !important;padding-left: 6px !important;}&#8221;]<article class=\"mh-service   vc_custom_1644595029220\">\r\n\t        <a href=\"#\"\r\n           title=\"O investidor deve investir como pessoa f\u00edsica e n\u00e3o como pessoa jur\u00eddica\"\r\n           class=\"mh-service__image-wrapper\">\r\n\t\t\t\t\t<img\n\t\t\t\t\t\t\tdata-srcset=\"https:\/\/dreaminbrazil.com\/wp-content\/uploads\/2022\/02\/Service-visa11-120x75.png 120w, https:\/\/dreaminbrazil.com\/wp-content\/uploads\/2022\/02\/Service-visa11-400x250.png 400w, https:\/\/dreaminbrazil.com\/wp-content\/uploads\/2022\/02\/Service-visa11-224x140.png 224w\"\n\t\t\t\tclass=\"lazyload \"\n\t\t\t\tdata-sizes=\"auto\"\n\t\t\t\t\t\talt=\"O investidor deve investir como pessoa f\u00edsica e n\u00e3o como pessoa jur\u00eddica\"\n\t\t>\n\t\t        <\/a>\r\n\t    <div class=\"mh-service__inner\">\r\n        <h3 class=\"mh-service__heading\">\r\n            <a href=\"#\"\r\n               title=\"O investidor deve investir como pessoa f\u00edsica e n\u00e3o como pessoa jur\u00eddica\">\r\n\t\t\t\tO investidor deve investir como pessoa f\u00edsica e n\u00e3o como pessoa jur\u00eddica            <\/a>\r\n        <\/h3>\r\n\r\n        <div class=\"mh-service__content\">\r\n\t\t\t        <\/div>\r\n\r\n\t\t\r\n    <\/div>\r\n<\/article>[\/vc_column_inner][vc_column_inner width=&#8221;1\/3&#8243; css=&#8221;.vc_custom_1644579952334{padding-right: 6px !important;padding-left: 6px !important;}&#8221;]<article class=\"mh-service   vc_custom_1644595051739\">\r\n\t        <a href=\"#\"\r\n           title=\"Invista no m\u00ednimo 500.000 reais\"\r\n           class=\"mh-service__image-wrapper\">\r\n\t\t\t\t\t<img\n\t\t\t\t\t\t\tdata-srcset=\"https:\/\/dreaminbrazil.com\/wp-content\/uploads\/2022\/02\/Service-visa2-120x75.png 120w, https:\/\/dreaminbrazil.com\/wp-content\/uploads\/2022\/02\/Service-visa2-400x250.png 400w, https:\/\/dreaminbrazil.com\/wp-content\/uploads\/2022\/02\/Service-visa2-224x140.png 224w\"\n\t\t\t\tclass=\"lazyload \"\n\t\t\t\tdata-sizes=\"auto\"\n\t\t\t\t\t\talt=\"Invista no m\u00ednimo 500.000 reais\"\n\t\t>\n\t\t        <\/a>\r\n\t    <div class=\"mh-service__inner\">\r\n        <h3 class=\"mh-service__heading\">\r\n            <a href=\"#\"\r\n               title=\"Invista no m\u00ednimo 500.000 reais\">\r\n\t\t\t\tInvista no m\u00ednimo 500.000 reais            <\/a>\r\n        <\/h3>\r\n\r\n        <div class=\"mh-service__content\">\r\n\t\t\t        <\/div>\r\n\r\n\t\t\r\n    <\/div>\r\n<\/article>[\/vc_column_inner][vc_column_inner width=&#8221;1\/3&#8243; css=&#8221;.vc_custom_1644579998019{padding-right: 6px !important;padding-left: 6px !important;}&#8221;]<article class=\"mh-service   vc_custom_1644595069139\">\r\n\t        <a href=\"#\"\r\n           title=\"Tenha um plano de cria\u00e7\u00e3o de empregos a m\u00e9dio e longo prazo\"\r\n           class=\"mh-service__image-wrapper\">\r\n\t\t\t\t\t<img\n\t\t\t\t\t\t\tdata-srcset=\"https:\/\/dreaminbrazil.com\/wp-content\/uploads\/2022\/02\/Service-visa3-120x75.png 120w, https:\/\/dreaminbrazil.com\/wp-content\/uploads\/2022\/02\/Service-visa3-400x250.png 400w, https:\/\/dreaminbrazil.com\/wp-content\/uploads\/2022\/02\/Service-visa3-224x140.png 224w\"\n\t\t\t\tclass=\"lazyload \"\n\t\t\t\tdata-sizes=\"auto\"\n\t\t\t\t\t\talt=\"Tenha um plano de cria\u00e7\u00e3o de empregos a m\u00e9dio e longo prazo\"\n\t\t>\n\t\t        <\/a>\r\n\t    <div class=\"mh-service__inner\">\r\n        <h3 class=\"mh-service__heading\">\r\n            <a href=\"#\"\r\n               title=\"Tenha um plano de cria\u00e7\u00e3o de empregos a m\u00e9dio e longo prazo\">\r\n\t\t\t\tTenha um plano de cria\u00e7\u00e3o de empregos a m\u00e9dio e longo prazo            <\/a>\r\n        <\/h3>\r\n\r\n        <div class=\"mh-service__content\">\r\n\t\t\t        <\/div>\r\n\r\n\t\t\r\n    <\/div>\r\n<\/article>[\/vc_column_inner][\/vc_row_inner][\/vc_column][\/vc_row][vc_row full_width=&#8221;stretch_row&#8221; css=&#8221;.vc_custom_1644592807337{background-color: rgba(255,255,255,0.61) !important;*background-color: rgb(255,255,255) !important;}&#8221;][vc_column css=&#8221;.vc_custom_1512407858131{padding-top: 12px !important;padding-bottom: 24px !important;}&#8221;][vc_row_inner][vc_column_inner width=&#8221;1\/4&#8243;][\/vc_column_inner][vc_column_inner width=&#8221;1\/2&#8243;]\r\n    <div class=\"\"\r\n         style=\"text-align:center;\">\r\n        <i class=\"flaticon-city mh-color-default\"\r\n           style=\"font-size:50px;\"><\/i>\r\n    <\/div>\r\n\r\n<div class=\" \">\r\n\t\r\n        <div class=\"mh-heading-wrapper\">\r\n            <h3            class=\"mh-heading  mh-heading--bottom-separator    vc_custom_1687262833586\"\r\n            style=\"font-weight:700;\">\r\n\t\t\tnossa abordagem        <\/h3>\r\n\r\n\t\t            <div class=\"mh-subheading \"\r\n                 style=\"\">\r\n\t\t\t\tCom sua experi\u00eancia e as habilidades de suas equipes, a Dreaminbrazil oferece um estudo completo do seu perfil para orient\u00e1-lo em seu pedido de visto no Brasil. Dependendo do seu perfil, podemos ajud\u00e1-lo a solicitar um visto de investidor, visto de trabalho, visto de estudante, visto de reagrupamento familiar, etc...            <\/div>\r\n\t\t    <\/div>\r\n\r\n\t<\/div>[\/vc_column_inner][vc_column_inner width=&#8221;1\/4&#8243;][\/vc_column_inner][\/vc_row_inner][\/vc_column][\/vc_row][\/vc_section]<\/p>\n","protected":false},"excerpt":{"rendered":"<p>[vc_row full_width=&#8221;stretch_row_content_no_spaces&#8221; equal_height=&#8221;yes&#8221; content_placement=&#8221;middle&#8221; css=&#8221;.vc_custom_1644577738068{background-color: #ffffff !important;}&#8221;][vc_column width=&#8221;1\/2&#8243; css=&#8221;.vc_custom_1644575192123{padding-top: 0px !important;background-image: url(https:\/\/dreaminbrazil.com\/wp-content\/uploads\/2022\/02\/wallpaperflare.com_wallpaper-10.jpg?id=11213) !important;background-position: center !important;background-repeat: no-repeat !important;background-size: cover !important;}&#8221; el_class=&#8221;mh-2-col-image-bg&#8221;][\/vc_column][vc_column width=&#8221;1\/2&#8243; css=&#8221;.vc_custom_1496231457062{padding-top: 0px !important;}&#8221; el_class=&#8221;mh-2-col-text&#8221;][vc_column_text el_class=&#8221;mh-font-size-m&#8221;]No Brasil, existem v\u00e1rios tipos de vistos dispon\u00edveis, seja tempor\u00e1rio, permanente ou outro. A Dreaminbrazil cuida de todos os procedimentos para garantir uma transi\u00e7\u00e3o suave ou expatria\u00e7\u00e3o para o Brasil. [&hellip;]<\/p>\n","protected":false},"author":1,"featured_media":11126,"parent":0,"menu_order":0,"comment_status":"closed","ping_status":"closed","template":"page_full-width-with-top-title.php","meta":{"_monsterinsights_skip_tracking":false,"_monsterinsights_sitenote_active":false,"_monsterinsights_sitenote_note":"","_monsterinsights_sitenote_category":0,"footnotes":""},"class_list":["post-11261","page","type-page","status-publish","has-post-thumbnail","hentry"],"yoast_head":"<!-- This site is optimized with the Yoast SEO plugin v27.2 - https:\/\/yoast.com\/product\/yoast-seo-wordpress\/ -->\n<title>Visto Investidor - Dream in Brazil<\/title>\n<meta name=\"robots\" content=\"index, follow, max-snippet:-1, max-image-preview:large, max-video-preview:-1\" \/>\n<link rel=\"canonical\" href=\"https:\/\/dreaminbrazil.com\/pt-br\/visto\/\" \/>\n<meta property=\"og:locale\" content=\"pt_BR\" \/>\n<meta property=\"og:type\" content=\"article\" \/>\n<meta property=\"og:title\" content=\"Visto Investidor - Dream in Brazil\" \/>\n<meta property=\"og:description\" content=\"[vc_row full_width=&#8221;stretch_row_content_no_spaces&#8221; equal_height=&#8221;yes&#8221; content_placement=&#8221;middle&#8221; css=&#8221;.vc_custom_1644577738068{background-color: #ffffff !important;}&#8221;][vc_column width=&#8221;1\/2&#8243; css=&#8221;.vc_custom_1644575192123{padding-top: 0px !important;background-image: url(https:\/\/dreaminbrazil.com\/wp-content\/uploads\/2022\/02\/wallpaperflare.com_wallpaper-10.jpg?id=11213) !important;background-position: center !important;background-repeat: no-repeat !important;background-size: cover !important;}&#8221; el_class=&#8221;mh-2-col-image-bg&#8221;][\/vc_column][vc_column width=&#8221;1\/2&#8243; css=&#8221;.vc_custom_1496231457062{padding-top: 0px !important;}&#8221; el_class=&#8221;mh-2-col-text&#8221;][vc_column_text el_class=&#8221;mh-font-size-m&#8221;]No Brasil, existem v\u00e1rios tipos de vistos dispon\u00edveis, seja tempor\u00e1rio, permanente ou outro. A Dreaminbrazil cuida de todos os procedimentos para garantir uma transi\u00e7\u00e3o suave ou expatria\u00e7\u00e3o para o Brasil. [&hellip;]\" \/>\n<meta property=\"og:url\" content=\"https:\/\/dreaminbrazil.com\/pt-br\/visto\/\" \/>\n<meta property=\"og:site_name\" content=\"Dream in Brazil\" \/>\n<meta property=\"article:publisher\" content=\"https:\/\/www.facebook.com\/dreamin.br\" \/>\n<meta property=\"article:modified_time\" content=\"2023-06-20T12:07:29+00:00\" \/>\n<meta property=\"og:image\" content=\"https:\/\/dreaminbrazil.com\/wp-content\/uploads\/2022\/01\/palm-trees-zoom-meeting-background-design-template-17ecfbd7498f297698cd31ff241ac85e_screen.jpg\" \/>\n\t<meta property=\"og:image:width\" content=\"691\" \/>\n\t<meta property=\"og:image:height\" content=\"388\" \/>\n\t<meta property=\"og:image:type\" content=\"image\/jpeg\" \/>\n<meta name=\"twitter:card\" content=\"summary_large_image\" \/>\n<meta name=\"twitter:label1\" content=\"Est. tempo de leitura\" \/>\n\t<meta name=\"twitter:data1\" content=\"3 minutos\" \/>\n<script type=\"application\/ld+json\" class=\"yoast-schema-graph\">{\"@context\":\"https:\/\/schema.org\",\"@graph\":[{\"@type\":\"WebPage\",\"@id\":\"https:\/\/dreaminbrazil.com\/pt-br\/visto\/\",\"url\":\"https:\/\/dreaminbrazil.com\/pt-br\/visto\/\",\"name\":\"Visto Investidor - Dream in Brazil\",\"isPartOf\":{\"@id\":\"https:\/\/dreaminbrazil.com\/#website\"},\"primaryImageOfPage\":{\"@id\":\"https:\/\/dreaminbrazil.com\/pt-br\/visto\/#primaryimage\"},\"image\":{\"@id\":\"https:\/\/dreaminbrazil.com\/pt-br\/visto\/#primaryimage\"},\"thumbnailUrl\":\"https:\/\/dreaminbrazil.com\/wp-content\/uploads\/2022\/01\/palm-trees-zoom-meeting-background-design-template-17ecfbd7498f297698cd31ff241ac85e_screen.jpg\",\"datePublished\":\"2022-02-11T10:14:58+00:00\",\"dateModified\":\"2023-06-20T12:07:29+00:00\",\"breadcrumb\":{\"@id\":\"https:\/\/dreaminbrazil.com\/pt-br\/visto\/#breadcrumb\"},\"inLanguage\":\"pt-BR\",\"potentialAction\":[{\"@type\":\"ReadAction\",\"target\":[\"https:\/\/dreaminbrazil.com\/pt-br\/visto\/\"]}]},{\"@type\":\"ImageObject\",\"inLanguage\":\"pt-BR\",\"@id\":\"https:\/\/dreaminbrazil.com\/pt-br\/visto\/#primaryimage\",\"url\":\"https:\/\/dreaminbrazil.com\/wp-content\/uploads\/2022\/01\/palm-trees-zoom-meeting-background-design-template-17ecfbd7498f297698cd31ff241ac85e_screen.jpg\",\"contentUrl\":\"https:\/\/dreaminbrazil.com\/wp-content\/uploads\/2022\/01\/palm-trees-zoom-meeting-background-design-template-17ecfbd7498f297698cd31ff241ac85e_screen.jpg\",\"width\":691,\"height\":388},{\"@type\":\"BreadcrumbList\",\"@id\":\"https:\/\/dreaminbrazil.com\/pt-br\/visto\/#breadcrumb\",\"itemListElement\":[{\"@type\":\"ListItem\",\"position\":1,\"name\":\"Accueil\",\"item\":\"https:\/\/dreaminbrazil.com\/pt-br\/\"},{\"@type\":\"ListItem\",\"position\":2,\"name\":\"Visto Investidor\"}]},{\"@type\":\"WebSite\",\"@id\":\"https:\/\/dreaminbrazil.com\/#website\",\"url\":\"https:\/\/dreaminbrazil.com\/\",\"name\":\"Dream in Brazil\",\"description\":\"Let your dreams comes true\",\"publisher\":{\"@id\":\"https:\/\/dreaminbrazil.com\/#organization\"},\"potentialAction\":[{\"@type\":\"SearchAction\",\"target\":{\"@type\":\"EntryPoint\",\"urlTemplate\":\"https:\/\/dreaminbrazil.com\/?s={search_term_string}\"},\"query-input\":{\"@type\":\"PropertyValueSpecification\",\"valueRequired\":true,\"valueName\":\"search_term_string\"}}],\"inLanguage\":\"pt-BR\"},{\"@type\":\"Organization\",\"@id\":\"https:\/\/dreaminbrazil.com\/#organization\",\"name\":\"Dream In Brazil\",\"url\":\"https:\/\/dreaminbrazil.com\/\",\"logo\":{\"@type\":\"ImageObject\",\"inLanguage\":\"pt-BR\",\"@id\":\"https:\/\/dreaminbrazil.com\/#\/schema\/logo\/image\/\",\"url\":\"https:\/\/dreaminbrazil.com\/wp-content\/uploads\/2022\/01\/logo-color-3.png\",\"contentUrl\":\"https:\/\/dreaminbrazil.com\/wp-content\/uploads\/2022\/01\/logo-color-3.png\",\"width\":355,\"height\":214,\"caption\":\"Dream In Brazil\"},\"image\":{\"@id\":\"https:\/\/dreaminbrazil.com\/#\/schema\/logo\/image\/\"},\"sameAs\":[\"https:\/\/www.facebook.com\/dreamin.br\",\"https:\/\/www.instagram.com\/dreamin_brazil\/\",\"https:\/\/www.linkedin.com\/company\/dreaminbrazil\",\"https:\/\/www.youtube.com\/channel\/UCOm4BbG4xclWUAnz_IEZ3tA\"]}]}<\/script>\n<!-- \/ Yoast SEO plugin. -->","yoast_head_json":{"title":"Visto Investidor - Dream in Brazil","robots":{"index":"index","follow":"follow","max-snippet":"max-snippet:-1","max-image-preview":"max-image-preview:large","max-video-preview":"max-video-preview:-1"},"canonical":"https:\/\/dreaminbrazil.com\/pt-br\/visto\/","og_locale":"pt_BR","og_type":"article","og_title":"Visto Investidor - Dream in Brazil","og_description":"[vc_row full_width=&#8221;stretch_row_content_no_spaces&#8221; equal_height=&#8221;yes&#8221; content_placement=&#8221;middle&#8221; css=&#8221;.vc_custom_1644577738068{background-color: #ffffff !important;}&#8221;][vc_column width=&#8221;1\/2&#8243; css=&#8221;.vc_custom_1644575192123{padding-top: 0px !important;background-image: url(https:\/\/dreaminbrazil.com\/wp-content\/uploads\/2022\/02\/wallpaperflare.com_wallpaper-10.jpg?id=11213) !important;background-position: center !important;background-repeat: no-repeat !important;background-size: cover !important;}&#8221; el_class=&#8221;mh-2-col-image-bg&#8221;][\/vc_column][vc_column width=&#8221;1\/2&#8243; css=&#8221;.vc_custom_1496231457062{padding-top: 0px !important;}&#8221; el_class=&#8221;mh-2-col-text&#8221;][vc_column_text el_class=&#8221;mh-font-size-m&#8221;]No Brasil, existem v\u00e1rios tipos de vistos dispon\u00edveis, seja tempor\u00e1rio, permanente ou outro. A Dreaminbrazil cuida de todos os procedimentos para garantir uma transi\u00e7\u00e3o suave ou expatria\u00e7\u00e3o para o Brasil. [&hellip;]","og_url":"https:\/\/dreaminbrazil.com\/pt-br\/visto\/","og_site_name":"Dream in Brazil","article_publisher":"https:\/\/www.facebook.com\/dreamin.br","article_modified_time":"2023-06-20T12:07:29+00:00","og_image":[{"width":691,"height":388,"url":"https:\/\/dreaminbrazil.com\/wp-content\/uploads\/2022\/01\/palm-trees-zoom-meeting-background-design-template-17ecfbd7498f297698cd31ff241ac85e_screen.jpg","type":"image\/jpeg"}],"twitter_card":"summary_large_image","twitter_misc":{"Est. tempo de leitura":"3 minutos"},"schema":{"@context":"https:\/\/schema.org","@graph":[{"@type":"WebPage","@id":"https:\/\/dreaminbrazil.com\/pt-br\/visto\/","url":"https:\/\/dreaminbrazil.com\/pt-br\/visto\/","name":"Visto Investidor - Dream in Brazil","isPartOf":{"@id":"https:\/\/dreaminbrazil.com\/#website"},"primaryImageOfPage":{"@id":"https:\/\/dreaminbrazil.com\/pt-br\/visto\/#primaryimage"},"image":{"@id":"https:\/\/dreaminbrazil.com\/pt-br\/visto\/#primaryimage"},"thumbnailUrl":"https:\/\/dreaminbrazil.com\/wp-content\/uploads\/2022\/01\/palm-trees-zoom-meeting-background-design-template-17ecfbd7498f297698cd31ff241ac85e_screen.jpg","datePublished":"2022-02-11T10:14:58+00:00","dateModified":"2023-06-20T12:07:29+00:00","breadcrumb":{"@id":"https:\/\/dreaminbrazil.com\/pt-br\/visto\/#breadcrumb"},"inLanguage":"pt-BR","potentialAction":[{"@type":"ReadAction","target":["https:\/\/dreaminbrazil.com\/pt-br\/visto\/"]}]},{"@type":"ImageObject","inLanguage":"pt-BR","@id":"https:\/\/dreaminbrazil.com\/pt-br\/visto\/#primaryimage","url":"https:\/\/dreaminbrazil.com\/wp-content\/uploads\/2022\/01\/palm-trees-zoom-meeting-background-design-template-17ecfbd7498f297698cd31ff241ac85e_screen.jpg","contentUrl":"https:\/\/dreaminbrazil.com\/wp-content\/uploads\/2022\/01\/palm-trees-zoom-meeting-background-design-template-17ecfbd7498f297698cd31ff241ac85e_screen.jpg","width":691,"height":388},{"@type":"BreadcrumbList","@id":"https:\/\/dreaminbrazil.com\/pt-br\/visto\/#breadcrumb","itemListElement":[{"@type":"ListItem","position":1,"name":"Accueil","item":"https:\/\/dreaminbrazil.com\/pt-br\/"},{"@type":"ListItem","position":2,"name":"Visto Investidor"}]},{"@type":"WebSite","@id":"https:\/\/dreaminbrazil.com\/#website","url":"https:\/\/dreaminbrazil.com\/","name":"Dream in Brazil","description":"Let your dreams comes true","publisher":{"@id":"https:\/\/dreaminbrazil.com\/#organization"},"potentialAction":[{"@type":"SearchAction","target":{"@type":"EntryPoint","urlTemplate":"https:\/\/dreaminbrazil.com\/?s={search_term_string}"},"query-input":{"@type":"PropertyValueSpecification","valueRequired":true,"valueName":"search_term_string"}}],"inLanguage":"pt-BR"},{"@type":"Organization","@id":"https:\/\/dreaminbrazil.com\/#organization","name":"Dream In Brazil","url":"https:\/\/dreaminbrazil.com\/","logo":{"@type":"ImageObject","inLanguage":"pt-BR","@id":"https:\/\/dreaminbrazil.com\/#\/schema\/logo\/image\/","url":"https:\/\/dreaminbrazil.com\/wp-content\/uploads\/2022\/01\/logo-color-3.png","contentUrl":"https:\/\/dreaminbrazil.com\/wp-content\/uploads\/2022\/01\/logo-color-3.png","width":355,"height":214,"caption":"Dream In Brazil"},"image":{"@id":"https:\/\/dreaminbrazil.com\/#\/schema\/logo\/image\/"},"sameAs":["https:\/\/www.facebook.com\/dreamin.br","https:\/\/www.instagram.com\/dreamin_brazil\/","https:\/\/www.linkedin.com\/company\/dreaminbrazil","https:\/\/www.youtube.com\/channel\/UCOm4BbG4xclWUAnz_IEZ3tA"]}]}},"_links":{"self":[{"href":"https:\/\/dreaminbrazil.com\/pt-br\/wp-json\/wp\/v2\/pages\/11261","targetHints":{"allow":["GET"]}}],"collection":[{"href":"https:\/\/dreaminbrazil.com\/pt-br\/wp-json\/wp\/v2\/pages"}],"about":[{"href":"https:\/\/dreaminbrazil.com\/pt-br\/wp-json\/wp\/v2\/types\/page"}],"author":[{"embeddable":true,"href":"https:\/\/dreaminbrazil.com\/pt-br\/wp-json\/wp\/v2\/users\/1"}],"replies":[{"embeddable":true,"href":"https:\/\/dreaminbrazil.com\/pt-br\/wp-json\/wp\/v2\/comments?post=11261"}],"version-history":[{"count":6,"href":"https:\/\/dreaminbrazil.com\/pt-br\/wp-json\/wp\/v2\/pages\/11261\/revisions"}],"predecessor-version":[{"id":12694,"href":"https:\/\/dreaminbrazil.com\/pt-br\/wp-json\/wp\/v2\/pages\/11261\/revisions\/12694"}],"wp:featuredmedia":[{"embeddable":true,"href":"https:\/\/dreaminbrazil.com\/pt-br\/wp-json\/wp\/v2\/media\/11126"}],"wp:attachment":[{"href":"https:\/\/dreaminbrazil.com\/pt-br\/wp-json\/wp\/v2\/media?parent=11261"}],"curies":[{"name":"wp","href":"https:\/\/api.w.org\/{rel}","templated":true}]}}