{"id":11659,"date":"2021-12-15T15:03:54","date_gmt":"2021-12-15T14:03:54","guid":{"rendered":"https:\/\/dreaminbrazil.com\/nos-biens\/"},"modified":"2022-07-13T21:21:24","modified_gmt":"2022-07-13T19:21:24","slug":"nossas-propriedades","status":"publish","type":"page","link":"https:\/\/dreaminbrazil.com\/pt-br\/nossas-propriedades\/","title":{"rendered":"Nossas propriedades"},"content":{"rendered":"<p>[vc_row full_width=&#8221;stretch_row_content_no_spaces&#8221; css=&#8221;.vc_custom_1530549598901{margin-bottom: 24px !important;}&#8221;][vc_column]\t\t<listing-map\n\t\t\tid=\"myhome-listing-map\"\n\t\t\tconfig-key=\"MyHomeMapListing1776956319\"\n\t\t\t\t\t\t\t\t>\n\t\t<\/listing-map>\n\t\t\t\t<listing-grid\n\t\t\tid=\"myhome-listing-grid\"\n\t\t\tclass=\"\"\n\t\t\tconfig-key='MyHomeListing1776956319'\n\t\t>\n\t\t\t\t\t<\/listing-grid>\n\t\t[\/vc_column][\/vc_row]<\/p>\n","protected":false},"excerpt":{"rendered":"<p>[vc_row full_width=&#8221;stretch_row_content_no_spaces&#8221; css=&#8221;.vc_custom_1530549598901{margin-bottom: 24px !important;}&#8221;][vc_column][\/vc_column][\/vc_row]<\/p>\n","protected":false},"author":1,"featured_media":0,"parent":0,"menu_order":0,"comment_status":"closed","ping_status":"closed","template":"page_full-width.php","meta":{"_monsterinsights_skip_tracking":false,"_monsterinsights_sitenote_active":false,"_monsterinsights_sitenote_note":"","_monsterinsights_sitenote_category":0,"footnotes":""},"class_list":["post-11659","page","type-page","status-publish","hentry"],"yoast_head":"<!-- This site is optimized with the Yoast SEO plugin v27.2 - https:\/\/yoast.com\/product\/yoast-seo-wordpress\/ -->\n<title>Nossas propriedades - Dreamin&#039;Brazil<\/title>\n<meta name=\"description\" content=\"Confira as propriedades ao redor do Brasil. Todas em excelentes condi\u00e7\u00f5es e prontas para que voc\u00ea possa ser um Dreamer.\" \/>\n<meta name=\"robots\" content=\"index, follow, max-snippet:-1, max-image-preview:large, max-video-preview:-1\" \/>\n<link rel=\"canonical\" href=\"https:\/\/dreaminbrazil.com\/pt-br\/nossas-propriedades\/\" \/>\n<meta property=\"og:locale\" content=\"pt_BR\" \/>\n<meta property=\"og:type\" content=\"article\" \/>\n<meta property=\"og:title\" content=\"Nossas propriedades - Dreamin&#039;Brazil\" \/>\n<meta property=\"og:description\" content=\"Confira as propriedades ao redor do Brasil. Todas em excelentes condi\u00e7\u00f5es e prontas para que voc\u00ea possa ser um Dreamer.\" \/>\n<meta property=\"og:url\" content=\"https:\/\/dreaminbrazil.com\/pt-br\/nossas-propriedades\/\" \/>\n<meta property=\"og:site_name\" content=\"Dream in Brazil\" \/>\n<meta property=\"article:publisher\" content=\"https:\/\/www.facebook.com\/dreamin.br\" \/>\n<meta property=\"article:modified_time\" content=\"2022-07-13T19:21:24+00:00\" \/>\n<meta name=\"twitter:card\" content=\"summary_large_image\" \/>\n<meta name=\"twitter:label1\" content=\"Est. tempo de leitura\" \/>\n\t<meta name=\"twitter:data1\" content=\"2 minutos\" \/>\n<script type=\"application\/ld+json\" class=\"yoast-schema-graph\">{\"@context\":\"https:\/\/schema.org\",\"@graph\":[{\"@type\":\"WebPage\",\"@id\":\"https:\/\/dreaminbrazil.com\/pt-br\/nossas-propriedades\/\",\"url\":\"https:\/\/dreaminbrazil.com\/pt-br\/nossas-propriedades\/\",\"name\":\"Nossas propriedades - Dreamin'Brazil\",\"isPartOf\":{\"@id\":\"https:\/\/dreaminbrazil.com\/#website\"},\"datePublished\":\"2021-12-15T14:03:54+00:00\",\"dateModified\":\"2022-07-13T19:21:24+00:00\",\"description\":\"Confira as propriedades ao redor do Brasil. Todas em excelentes condi\u00e7\u00f5es e prontas para que voc\u00ea possa ser um Dreamer.\",\"breadcrumb\":{\"@id\":\"https:\/\/dreaminbrazil.com\/pt-br\/nossas-propriedades\/#breadcrumb\"},\"inLanguage\":\"pt-BR\",\"potentialAction\":[{\"@type\":\"ReadAction\",\"target\":[\"https:\/\/dreaminbrazil.com\/pt-br\/nossas-propriedades\/\"]}]},{\"@type\":\"BreadcrumbList\",\"@id\":\"https:\/\/dreaminbrazil.com\/pt-br\/nossas-propriedades\/#breadcrumb\",\"itemListElement\":[{\"@type\":\"ListItem\",\"position\":1,\"name\":\"Accueil\",\"item\":\"https:\/\/dreaminbrazil.com\/pt-br\/\"},{\"@type\":\"ListItem\",\"position\":2,\"name\":\"Nossas propriedades\"}]},{\"@type\":\"WebSite\",\"@id\":\"https:\/\/dreaminbrazil.com\/#website\",\"url\":\"https:\/\/dreaminbrazil.com\/\",\"name\":\"Dream in Brazil\",\"description\":\"Let your dreams comes true\",\"publisher\":{\"@id\":\"https:\/\/dreaminbrazil.com\/#organization\"},\"potentialAction\":[{\"@type\":\"SearchAction\",\"target\":{\"@type\":\"EntryPoint\",\"urlTemplate\":\"https:\/\/dreaminbrazil.com\/?s={search_term_string}\"},\"query-input\":{\"@type\":\"PropertyValueSpecification\",\"valueRequired\":true,\"valueName\":\"search_term_string\"}}],\"inLanguage\":\"pt-BR\"},{\"@type\":\"Organization\",\"@id\":\"https:\/\/dreaminbrazil.com\/#organization\",\"name\":\"Dream In Brazil\",\"url\":\"https:\/\/dreaminbrazil.com\/\",\"logo\":{\"@type\":\"ImageObject\",\"inLanguage\":\"pt-BR\",\"@id\":\"https:\/\/dreaminbrazil.com\/#\/schema\/logo\/image\/\",\"url\":\"https:\/\/dreaminbrazil.com\/wp-content\/uploads\/2022\/01\/logo-color-3.png\",\"contentUrl\":\"https:\/\/dreaminbrazil.com\/wp-content\/uploads\/2022\/01\/logo-color-3.png\",\"width\":355,\"height\":214,\"caption\":\"Dream In Brazil\"},\"image\":{\"@id\":\"https:\/\/dreaminbrazil.com\/#\/schema\/logo\/image\/\"},\"sameAs\":[\"https:\/\/www.facebook.com\/dreamin.br\",\"https:\/\/www.instagram.com\/dreamin_brazil\/\",\"https:\/\/www.linkedin.com\/company\/dreaminbrazil\",\"https:\/\/www.youtube.com\/channel\/UCOm4BbG4xclWUAnz_IEZ3tA\"]}]}<\/script>\n<!-- \/ Yoast SEO plugin. -->","yoast_head_json":{"title":"Nossas propriedades - Dreamin'Brazil","description":"Confira as propriedades ao redor do Brasil. Todas em excelentes condi\u00e7\u00f5es e prontas para que voc\u00ea possa ser um Dreamer.","robots":{"index":"index","follow":"follow","max-snippet":"max-snippet:-1","max-image-preview":"max-image-preview:large","max-video-preview":"max-video-preview:-1"},"canonical":"https:\/\/dreaminbrazil.com\/pt-br\/nossas-propriedades\/","og_locale":"pt_BR","og_type":"article","og_title":"Nossas propriedades - Dreamin'Brazil","og_description":"Confira as propriedades ao redor do Brasil. Todas em excelentes condi\u00e7\u00f5es e prontas para que voc\u00ea possa ser um Dreamer.","og_url":"https:\/\/dreaminbrazil.com\/pt-br\/nossas-propriedades\/","og_site_name":"Dream in Brazil","article_publisher":"https:\/\/www.facebook.com\/dreamin.br","article_modified_time":"2022-07-13T19:21:24+00:00","twitter_card":"summary_large_image","twitter_misc":{"Est. tempo de leitura":"2 minutos"},"schema":{"@context":"https:\/\/schema.org","@graph":[{"@type":"WebPage","@id":"https:\/\/dreaminbrazil.com\/pt-br\/nossas-propriedades\/","url":"https:\/\/dreaminbrazil.com\/pt-br\/nossas-propriedades\/","name":"Nossas propriedades - Dreamin'Brazil","isPartOf":{"@id":"https:\/\/dreaminbrazil.com\/#website"},"datePublished":"2021-12-15T14:03:54+00:00","dateModified":"2022-07-13T19:21:24+00:00","description":"Confira as propriedades ao redor do Brasil. Todas em excelentes condi\u00e7\u00f5es e prontas para que voc\u00ea possa ser um Dreamer.","breadcrumb":{"@id":"https:\/\/dreaminbrazil.com\/pt-br\/nossas-propriedades\/#breadcrumb"},"inLanguage":"pt-BR","potentialAction":[{"@type":"ReadAction","target":["https:\/\/dreaminbrazil.com\/pt-br\/nossas-propriedades\/"]}]},{"@type":"BreadcrumbList","@id":"https:\/\/dreaminbrazil.com\/pt-br\/nossas-propriedades\/#breadcrumb","itemListElement":[{"@type":"ListItem","position":1,"name":"Accueil","item":"https:\/\/dreaminbrazil.com\/pt-br\/"},{"@type":"ListItem","position":2,"name":"Nossas propriedades"}]},{"@type":"WebSite","@id":"https:\/\/dreaminbrazil.com\/#website","url":"https:\/\/dreaminbrazil.com\/","name":"Dream in Brazil","description":"Let your dreams comes true","publisher":{"@id":"https:\/\/dreaminbrazil.com\/#organization"},"potentialAction":[{"@type":"SearchAction","target":{"@type":"EntryPoint","urlTemplate":"https:\/\/dreaminbrazil.com\/?s={search_term_string}"},"query-input":{"@type":"PropertyValueSpecification","valueRequired":true,"valueName":"search_term_string"}}],"inLanguage":"pt-BR"},{"@type":"Organization","@id":"https:\/\/dreaminbrazil.com\/#organization","name":"Dream In Brazil","url":"https:\/\/dreaminbrazil.com\/","logo":{"@type":"ImageObject","inLanguage":"pt-BR","@id":"https:\/\/dreaminbrazil.com\/#\/schema\/logo\/image\/","url":"https:\/\/dreaminbrazil.com\/wp-content\/uploads\/2022\/01\/logo-color-3.png","contentUrl":"https:\/\/dreaminbrazil.com\/wp-content\/uploads\/2022\/01\/logo-color-3.png","width":355,"height":214,"caption":"Dream In Brazil"},"image":{"@id":"https:\/\/dreaminbrazil.com\/#\/schema\/logo\/image\/"},"sameAs":["https:\/\/www.facebook.com\/dreamin.br","https:\/\/www.instagram.com\/dreamin_brazil\/","https:\/\/www.linkedin.com\/company\/dreaminbrazil","https:\/\/www.youtube.com\/channel\/UCOm4BbG4xclWUAnz_IEZ3tA"]}]}},"_links":{"self":[{"href":"https:\/\/dreaminbrazil.com\/pt-br\/wp-json\/wp\/v2\/pages\/11659","targetHints":{"allow":["GET"]}}],"collection":[{"href":"https:\/\/dreaminbrazil.com\/pt-br\/wp-json\/wp\/v2\/pages"}],"about":[{"href":"https:\/\/dreaminbrazil.com\/pt-br\/wp-json\/wp\/v2\/types\/page"}],"author":[{"embeddable":true,"href":"https:\/\/dreaminbrazil.com\/pt-br\/wp-json\/wp\/v2\/users\/1"}],"replies":[{"embeddable":true,"href":"https:\/\/dreaminbrazil.com\/pt-br\/wp-json\/wp\/v2\/comments?post=11659"}],"version-history":[{"count":4,"href":"https:\/\/dreaminbrazil.com\/pt-br\/wp-json\/wp\/v2\/pages\/11659\/revisions"}],"predecessor-version":[{"id":11665,"href":"https:\/\/dreaminbrazil.com\/pt-br\/wp-json\/wp\/v2\/pages\/11659\/revisions\/11665"}],"wp:attachment":[{"href":"https:\/\/dreaminbrazil.com\/pt-br\/wp-json\/wp\/v2\/media?parent=11659"}],"curies":[{"name":"wp","href":"https:\/\/api.w.org\/{rel}","templated":true}]}}